{"id":71,"date":"2021-03-03T17:38:18","date_gmt":"2021-03-03T14:38:18","guid":{"rendered":"https:\/\/www.eacert.com.tr\/?page_id=71"},"modified":"2024-05-01T14:10:18","modified_gmt":"2024-05-01T11:10:18","slug":"duyurular","status":"publish","type":"page","link":"https:\/\/qdata.com.tr\/index.php\/duyurular\/","title":{"rendered":"Duyurular"},"content":{"rendered":"\n<p><mark style=\"background-color:rgba(0, 0, 0, 0)\" class=\"has-inline-color has-nv-c-2-color\"><strong>ISO 9001:2015\/Amd 1:2024 Standard\u0131 \/ <strong>ISO 14001:2015\/Amd 1:2024 Standard\u0131<\/strong><\/strong> \/ <strong>ISO 27001:2022\/Amd 1:2024 Standard\u0131<\/strong> \/ <strong>ISO 50001:2018\/Amd 1:2024 Standard\u0131<\/strong> \/ <strong>ISO 45001:2018\/Amd 1:2024 Standard\u0131 \/ <strong>ISO 22000:2018\/Amd 1:2024 Standard\u0131<\/strong><\/strong> <strong>(23 \u015eubat 2024)<\/strong><\/mark><\/p>\n\n\n\n<p id=\"ember43\">Uluslararas\u0131 Standart Te\u015fkilat\u0131 (ISO), \u00a0\u201cLondra \u0130klim De\u011fi\u015fikli\u011fi Deklarasyonu&#8217;nu\u201d desteklemek amac\u0131yla \u00a0\u0130klim De\u011fi\u015fikli\u011finin y\u00f6netim sisteminin ama\u00e7lanan sonu\u00e7lar\u0131na ula\u015fma kabiliyeti \u00fczerindeki etkisini dikkate alma ihtiyac\u0131n\u0131 de\u011ferlendirerek \u00a0bir dizi mevcut y\u00f6netim sistemi standard\u0131na iki yeni metin ifadesinin eklenmesine ve geli\u015ftirilmekte\/revize edilmekte olan t\u00fcm yeni standartlara \u00a0da dahil edilmesine karar verdi. Buna mukab<mark style=\"background-color:rgba(0, 0, 0, 0)\" class=\"has-inline-color has-neve-link-color-color\">il ISO 9001:2015\/Amd 1:2024 Standard\u0131 \/ ISO 14001:2015\/Amd 1:2024 Standard\u0131 \/ ISO 27001:2022\/Amd 1:2024 Standard\u0131 \/ ISO 50001:2018\/Amd 1:2024 Standard\u0131 \/ ISO 45001:2018\/Amd 1:2024 Standard\u0131 \/ ISO 22000:2018\/Amd 1:2024 <\/mark>standartlar\u0131 23.02.2024 te yay\u0131nland\u0131.<\/p>\n\n\n\n<p id=\"ember44\"><strong><em>Buna g\u00f6re ISO 9001 ilgili maddelerine a\u015fa\u011f\u0131dakiler eklendi;<\/em><\/strong><\/p>\n\n\n\n<p id=\"ember45\"><em>4.1 Kurulu\u015f iklim de\u011fi\u015fikli\u011fi ile ilgili bir konu olup olmad\u0131\u011f\u0131n\u0131 belirlemelidir.<\/em><\/p>\n\n\n\n<p id=\"ember46\">4.2 <em>NOT: \u0130lgili taraflar\u0131n iklim de\u011fi\u015fikli\u011fi ile ilgili gereklilikleri olabilir.<\/em><\/p>\n\n\n\n<p id=\"ember47\"><em>&#8220;4.1 ve 4.2 maddelerine ili\u015fkin gerekliliklerin genel amac\u0131 de\u011fi\u015fmemi\u015ftir; bu maddeler zaten kurulu\u015fun y\u00f6netim sisteminin etkinli\u011fini etkileyebilecek t\u00fcm i\u00e7 ve d\u0131\u015f konular\u0131 dikkate almas\u0131 ihtiyac\u0131n\u0131 i\u00e7ermektedir; bu yeni eklemeler \u0130klim De\u011fi\u015fikli\u011finin y\u00f6netim sistemi i\u00e7inde dikkate al\u0131nmas\u0131n\u0131 ve toplumumuz i\u00e7in kurulu\u015flar\u0131n bunu \u015fimdi dikkate almas\u0131n\u0131 gerektirecek kadar \u00f6nemli bir d\u0131\u015f fakt\u00f6r oldu\u011funu garanti etmektedir.&#8221;<\/em><\/p>\n\n\n\n<p><em>Gerekliliklerin genel amac\u0131n\u0131n de\u011fi\u015fmedi\u011fine dikkat \u00e7eken yukar\u0131daki ifade ve bu de\u011fi\u015fikli\u011fin yeni bir gereklilikten ziyade bir a\u00e7\u0131klama olarak ele al\u0131nmas\u0131 nedeniyle, bu durumda tam bir ge\u00e7i\u015f program\u0131na ihtiya\u00e7 olmad\u0131\u011f\u0131 d\u00fc\u015f\u00fcn\u00fclmektedir, ancak a\u015fa\u011f\u0131daki k\u0131lavuz dikkate al\u0131nmal\u0131d\u0131r.<\/em><\/p>\n\n\n\n<p id=\"ember49\"><strong><em>Akreditasyon Kurulu\u015flar\u0131ndan Beklentiler<\/em><\/strong><\/p>\n\n\n\n<p id=\"ember50\"><em>Akreditasyon Kurulu\u015flar\u0131, devam eden akreditasyon d\u00f6ng\u00fcs\u00fcn\u00fcn bir par\u00e7as\u0131 olarak, Belgelendirme Kurulu\u015flar\u0131n\u0131n y\u00f6netim sistemleri sertifikal\u0131 m\u00fc\u015fterilerinin Madde 4.1 ve 4.2&#8217;deki di\u011fer hususlarla birlikte \u0130klim De\u011fi\u015fikli\u011fi hususlar\u0131n\u0131 da dikkate ald\u0131klar\u0131n\u0131 teyit etmelerini sa\u011flamal\u0131d\u0131r.<\/em><\/p>\n\n\n\n<p id=\"ember51\"><strong><em>Zamanlama<\/em><\/strong><\/p>\n\n\n\n<p id=\"ember52\"><em>Yukar\u0131da belirtildi\u011fi gibi, bir kurulu\u015fun y\u00f6netim sistem(ler)inin ba\u011flam\u0131n\u0131 etkileyen \u0130klim De\u011fi\u015fikli\u011fi ile ilgili konular genellikle kurulu\u015flar taraf\u0131ndan zaten dikkate al\u0131nmaktad\u0131r.<\/em><\/p>\n\n\n\n<p id=\"ember53\"><em>Bu nedenle, yay\u0131nland\u0131ktan sonra, belgelendirme kurulu\u015flar\u0131 yeni metni kurulu\u015fun ve ba\u011flam\u0131n\u0131n denetimine dahil etmelidir. Normal uygulamada oldu\u011fu gibi, sertifikal\u0131 bir kurulu\u015fun \u0130klim De\u011fi\u015fikli\u011fi de dahil olmak \u00fczere ilgili olarak belirlenen t\u00fcm d\u0131\u015f ve i\u00e7 konular\u0131n dikkate al\u0131nd\u0131\u011f\u0131n\u0131 g\u00f6steremedi\u011fi durumlarda, uygun bir bulgu ortaya konulmal\u0131d\u0131r.<\/em><\/p>\n\n\n\n<p id=\"ember54\"><strong><em>Sertifikal\u0131 Kurulu\u015flardan Beklentiler<\/em><\/strong><\/p>\n\n\n\n<p id=\"ember55\"><em>Sertifikal\u0131 kurulu\u015flar, kendi y\u00f6netim sistem(ler)inin geli\u015ftirilmesi, s\u00fcrd\u00fcr\u00fclmesi ve etkinli\u011fi kapsam\u0131nda \u0130klim De\u011fi\u015fikli\u011fi hususlar\u0131n\u0131 ve risklerini dikkate ald\u0131klar\u0131ndan emin olmal\u0131d\u0131r.<\/em><\/p>\n\n\n\n<p><em>\u0130klim De\u011fi\u015fikli\u011fi, di\u011fer konularla birlikte, ilgili olup olmad\u0131\u011f\u0131na karar verilmeli ve ilgili ise, y\u00f6netim sistemleri standartlar\u0131 kapsam\u0131nda bir risk ele al\u0131nmal\u0131d\u0131r. Bir kurulu\u015fun birden fazla y\u00f6netim sistemi i\u015fletti\u011fi durumlarda (\u00f6rne\u011fin Kalite Y\u00f6netimi ve Sa\u011fl\u0131k ve G\u00fcvenlik Y\u00f6netimi), ilgili oldu\u011fu tespit edildi\u011fi takdirde \u0130klim De\u011fi\u015fikli\u011finin her bir y\u00f6netim sistemi standard\u0131 kapsam\u0131nda ele al\u0131nmas\u0131n\u0131 sa\u011flamal\u0131d\u0131r.<\/em><\/p>\n\n\n\n<p><em>Baz\u0131 iklim de\u011fi\u015fikli\u011fi hususlar\u0131n\u0131n ve risklerinin uygulanabilir y\u00f6netim sistemi kapsam\u0131ndan veya sekt\u00f6rden ba\u011f\u0131ms\u0131z olarak genel nitelikte olabilece\u011fi (\u00f6rne\u011fin mevzuata uygunluk veya operasyonel uyarlanabilirlik ve kurumsal esneklikle ilgili oldu\u011funda), di\u011ferlerinin ise y\u00f6netim sistemi standartlar\u0131n\u0131n gerekliliklerine, belirli sekt\u00f6rlere (\u00f6rne\u011fin enerji \u00fcretimi, tar\u0131m ve bal\u0131k\u00e7\u0131l\u0131k) ve kurulu\u015fun \u00f6zelliklerine (\u00f6rne\u011fin co\u011frafi konum, tedarik zincirinin yap\u0131s\u0131 veya i\u015fg\u00fcc\u00fc dinamikleri) \u00f6zel olarak endekslenece\u011fi belirtilmektedir.<\/em><\/p>\n\n\n\n<p><\/p>\n\n\n\n<p><strong><mark style=\"background-color:rgba(0, 0, 0, 0)\" class=\"has-inline-color has-nv-c-2-color\">ISO\/IEC 27001:2022 yay\u0131nland\u0131&#8230;! (25 Ekim 2022)<\/mark><\/strong><\/p>\n\n\n\n<p>IAF taraf\u0131ndan ISO\/IEC 27001:2013 standard\u0131na g\u00f6re sertifikas\u0131 olan kurulu\u015flar\u0131n 2022 versiyonuna ge\u00e7i\u015fleriyle ilgili kurallar\u0131 belirlemek amac\u0131yla IAF MD 26:2022 dok\u00fcman\u0131 rehber al\u0131nmak \u00fczere yay\u0131nland\u0131.&nbsp;<\/p>\n\n\n\n<p>Burada belirtilen kurallara g\u00f6re:<\/p>\n\n\n\n<p>&nbsp;* Ge\u00e7i\u015f i\u00e7in 36 ayl\u0131k bir s\u00fcre tan\u0131mland\u0131,<br>&nbsp;* Standard\u0131n yay\u0131nlanmas\u0131ndan sonraki ilk 12 ay i\u00e7inde eski versiyona g\u00f6re ilk belgelendirme tetkikleri yap\u0131lmaya devam edebilecek,<br>&nbsp;* Standard\u0131n yay\u0131nlanmas\u0131n\u0131n \u00fczerinden 12 ay ge\u00e7tikten sonra ilk belgelendirmeler mutlaka yeni versiyona g\u00f6re yap\u0131lacak,<br>&nbsp;* Mevcut belgeli m\u00fc\u015fterilerin yeni versiyona ge\u00e7i\u015fleri i\u00e7in ise standard\u0131n yay\u0131nlanmas\u0131ndan itibaren 3 y\u0131l s\u00fcre tan\u0131n\u0131yor,<br>&nbsp;* 3 y\u0131ll\u0131k ge\u00e7i\u015f s\u00fcreci sonunda 2013 versiyonuna ait t\u00fcm sertifikalar ge\u00e7erlili\u011fini kaybedecek.<\/p>\n\n\n\n<p><\/p>\n\n\n\n<p><strong><mark style=\"background-color:rgba(0, 0, 0, 0)\" class=\"has-inline-color has-nv-c-2-color\">ISO 27002:2022 Revizyonu \u0130le Neler De\u011fi\u015fti? (15 \u015eubat 2022)<\/mark><\/strong><\/p>\n\n\n\n<p>15.02.2022 tarihinde resmi yay\u0131n\u0131 ger\u00e7ekle\u015ftirilen standart ISO\/IEC 27002:2022 olarak hayat\u0131na ba\u015flad\u0131. B\u00f6ylece standard\u0131n bir \u00f6nceki versiyonu olan ISO\/IEC 27002:2013 standard\u0131 y\u00fcr\u00fcrl\u00fckten kald\u0131r\u0131lm\u0131\u015f oldu.<\/p>\n\n\n\n<p>Bilgi g\u00fcvenli\u011fi y\u00f6netimi standard\u0131 ISO\/IEC 27001&nbsp; \u201cBilgi teknolojisi G\u00fcvenlik y\u00f6ntemleri Bilgi g\u00fcvenli\u011fi y\u00f6netim sistemleri Gereksinimler\u201d ve \u0130yi Uygulama Kurallar\u0131&nbsp; (ISO 27002) standard\u0131 en son yakla\u015f\u0131k 10 y\u0131l \u00f6nce g\u00fcncellenmi\u015fti.<\/p>\n\n\n\n<p><strong>Ger\u00e7ekle\u015ftirilen temel de\u011fi\u015fiklikler:<\/strong><\/p>\n\n\n\n<p>\u00d6nceki versiyonun 14 maddesinin aksine, ISO 27002:2022 art\u0131k sadece d\u00f6rt madde ve iki ek i\u00e7ermektedir:<\/p>\n\n\n\n<ul class=\"wp-block-list\">\n<li>Organizasyonel kontroller (Madde 5): Bu madde, 37 kontrolden olu\u015fan \u00e7e\u015fitli organizasyonel konularla ilgili t\u00fcm kontrolleri i\u00e7ermektedir.<\/li>\n\n\n\n<li>\u0130nsan kontrolleri (Madde 6): Bu madde, 8 kontrolden olu\u015fan insan kaynaklar\u0131 g\u00fcvenli\u011fi ile ilgili kontrollere odaklanmaktad\u0131r.<\/li>\n\n\n\n<li>Fiziksel kontroller (Madde 7): Bu madde, 14 kontrolden olu\u015fan fiziksel \u00e7evre ile ilgili kontrollere odaklanmaktad\u0131r.<\/li>\n\n\n\n<li>Teknolojik kontroller (Madde 8): Bu madde, 34 kontrolden olu\u015fan teknolojik \u00e7\u00f6z\u00fcmlerle ilgili kontrollere odaklanmaktad\u0131r.<\/li>\n<\/ul>\n\n\n\n<p>Bu 4 ana ba\u015fl\u0131\u011fa ek olarak iki \u201cEk\u201d k\u0131sm\u0131 bulunmaktad\u0131r:<\/p>\n\n\n\n<p><strong>Ek \u2013 A Kullan\u0131m Nitelikleri:<\/strong>&nbsp;Kontrollerin nitelikleri ve kullan\u0131m \u00f6nerileri ile ilgili olarak tan\u0131mlamalar i\u00e7ermektedir. Bu ba\u015fl\u0131kta yap\u0131lan tan\u0131mlamalar, Kontrollerin y\u00f6netiminde kolayl\u0131k sa\u011flamakta ve di\u011fer genel-ge\u00e7er Standartlar, \u00c7er\u00e7eveler ve \u0130yi Uygulamalar ile ISO 27001 Standard\u0131\u2019n\u0131n kolay \u015fekilde e\u015fle\u015ftirilmesini sa\u011flamaktad\u0131r. Her Kontrol i\u00e7in yap\u0131lan tan\u0131mlamalar:<\/p>\n\n\n\n<p><strong>Kontrol T\u00fcrleri:<\/strong>&nbsp;\u00d6nleyici, Tespit Edici, D\u00fczeltici<br><strong>Bilgi G\u00fcvenli\u011fi Nitelikleri:<\/strong>&nbsp;Gizlilik, B\u00fct\u00fcnl\u00fck, Kullan\u0131labilirlik<br><strong>Siber G\u00fcvenlik Konular\u0131<\/strong>: Tan\u0131mlama, Koruma, Tespit Etme, Koruma, Yan\u0131t Verme, \u0130yile\u015fme<br><strong>Operasyonel Yetkinlikler:<\/strong>&nbsp;Y\u00f6neti\u015fim, Varl\u0131k Y\u00f6netimi, Bilgi Koruma, \u0130nsan Kaynaklar\u0131 G\u00fcvenli\u011fi, Fiziksel G\u00fcvenlik, Sistem ve A\u011f G\u00fcvenli\u011fi, Uygulama G\u00fcvenli\u011fi, G\u00fcvenli Konfig\u00fcrasyon, Kimlik ve Eri\u015fim Y\u00f6netimi, Tehdit ve Zafiyet Y\u00f6netimi, S\u00fcreklilik, Tedarik \u0130li\u015fkileri G\u00fcvenli\u011fi, Hukuk ve Uyum, Bilgi G\u00fcvenli\u011fi Olay Y\u00f6netimi, Bilgi G\u00fcvenli\u011fi Teminat\u0131<br><strong>G\u00fcvenlik Alan\u0131:<\/strong>&nbsp;Y\u00f6neti\u015fim ve Ekosistem, Koruma, Savunma, Dayan\u0131kl\u0131l\u0131k<\/p>\n\n\n\n<p><strong>Ek \u2013 B ISO 27002:2013 ile K\u0131yaslama:<\/strong>&nbsp;Eski ve yeni versiyon Kontrollerinin ili\u015fkilendirilmesini i\u00e7erir.<\/p>\n\n\n\n<p>114 olan Kontrol say\u0131s\u0131 93 olarak d\u00fczenlenmi\u015ftir:<\/p>\n\n\n\n<p>Organizasyonel 37, Teknolojik 34, Fiziksel 14, \u0130nsani 8 Kontrol tan\u0131mlanm\u0131\u015ft\u0131r.<\/p>\n\n\n\n<p>Herhangi bir Kontrol \u00e7\u0131kar\u0131lmam\u0131\u015ft\u0131r.<\/p>\n\n\n\n<p><strong>Eklenen Yeni Kontroller<\/strong><\/p>\n\n\n\n<p>ISO 27002:2022\u2019de 11 yeni kontrol eklendi:<\/p>\n\n\n\n<p>5.7 Tehdit \u0130stihbarat\u0131\/Siber \u0130stihbarat<br>5.23 Bulut Hizmetleri Kullan\u0131m\u0131 i\u00e7in Bilgi G\u00fcvenli\u011fi<br>5.30 \u0130\u015f S\u00fcreklili\u011fi i\u00e7in Bilgi ve \u0130leti\u015fim Teknolojileri<br>7.4 Fiziksel G\u00fcvenlik \u0130zleme<br>8.9 Konfig\u00fcrasyon Y\u00f6netimi<br>8.10 Veri Silme<br>8.11 Veri Maskeleme<br>8.12 Veri Kayb\u0131 \u00d6nleme<br>8.16 \u0130zleme Faaliyetleri<br>8.23 \u0130nternet Filtreleme<br>8.28 G\u00fcvenli Kodlama<\/p>\n\n\n\n<p><strong>De\u011fi\u015fiklik Yap\u0131lan Kontroller<\/strong><\/p>\n\n\n\n<p>23 kontrol\u00fcn ad\u0131 de\u011fi\u015ftirildi<\/p>\n\n\n\n<p><\/p>\n\n\n\n<p><strong>Birle\u015ftirilen Kontroller<\/strong><\/p>\n\n\n\n<p>Toplam 57 kontrol 24 yeni kontrolde birle\u015ftirildi<\/p>\n\n\n\n<p><\/p>\n\n\n\n<p><strong>Kald\u0131r\u0131lan Kontroller<\/strong><\/p>\n\n\n\n<p>ISO 27002:2013\u2019de bulunan 1 kontrol kald\u0131r\u0131ld\u0131<\/p>\n\n\n\n<p>11.2.5 Varl\u0131klar\u0131n kald\u0131r\u0131lmas\u0131<\/p>\n\n\n\n<p><strong>B\u00f6l\u00fcnen Kontroller<\/strong><\/p>\n\n\n\n<p>18.2.3 Teknik uyum g\u00f6zden ge\u00e7irmesi maddesi; 5.36 Bilgi g\u00fcvenli\u011fi i\u00e7in politikalar, kurallar ve standartlarla uyumluluk ve 8.8 Teknik g\u00fcvenlik a\u00e7\u0131klar\u0131n\u0131n y\u00f6netimi olarak b\u00f6l\u00fcnm\u00fc\u015ft\u00fcr.<\/p>\n\n\n\n<p><strong>ISO 27001 standard\u0131na etkileri ne olacak?<\/strong><\/p>\n\n\n\n<p>ISO 27002 standart\u0131; ISO27001 standard\u0131n\u0131n Ek A\u2019s\u0131nda belirtilen bilgi g\u00fcvenli\u011fi kontrollerine ili\u015fkin detayl\u0131 k\u0131lavuzluk sa\u011flayan bir standartt\u0131r. Dolay\u0131s\u0131yla \u015fu anki durumda ISO27001\u2019de herhangi bir revizyon yap\u0131lmad\u0131\u011f\u0131 i\u00e7in baz\u0131 belirsizlikler ortaya \u00e7\u0131kmaktad\u0131r.<\/p>\n\n\n\n<p>Bu durumun ortadan kald\u0131r\u0131lmas\u0131 i\u00e7in; ya ISO 27001 standard\u0131 tamamen revize edilecek, ya da sadece ISO 27001 EK A\u2019y\u0131 de\u011fi\u015ftiren bir de\u011fi\u015fiklik yay\u0131nlanacakt\u0131r.<\/p>\n\n\n\n<p>Standard\u0131n tamamen revize edilmesi d\u00fc\u015f\u00fck bir olas\u0131l\u0131kt\u0131r. \u00c7\u00fcnk\u00fc halihaz\u0131rda ISO27001, Annex SL- Y\u00fcksek Seviyeli Yap\u0131 uyumlu bir standartt\u0131r ve ISO27002\u2019de yap\u0131lan revizyon bu yap\u0131y\u0131 etkilememektedir.<\/p>\n\n\n\n<p>Dolay\u0131s\u0131yla ISO\u2019nun sadece EK-A\u2019y\u0131 ISO27002:2022\u2019ye referans veren bir d\u00fczeltme yay\u0131nlamas\u0131 beklenmektedir.<\/p>\n\n\n\n<p><strong>ISO27001 Belgeli Kurulu\u015flar ne yapmal\u0131?<\/strong><\/p>\n\n\n\n<p>ISO27001:2013\u2019e g\u00f6re belgelendirilmi\u015f olan kurulu\u015flar; bu d\u00fczeltme yay\u0131nlanana kadar ISO27002:2022\u2019ye uyum sa\u011flama mecburiyetinde de\u011filler. D\u00fczeltme yay\u0131nland\u0131ktan sonra, muhtemelen kurulu\u015flara yeni \u015fartlara uyum ve ISO27002:2022\u2019ye ge\u00e7i\u015f i\u00e7in belirli bir s\u00fcre tan\u0131nacakt\u0131r. Bu s\u00fcrenin bitiminden itibaren de art\u0131k yeni \u015fartlardan sorumlu olunacak, belgelendirme denetimleri de bu yeni \u015fartlar do\u011frultusunda ger\u00e7ekle\u015ftirilecektir.<\/p>\n\n\n\n<p>ISO27002:2022\u2019nin getirdi\u011fi yenilik ve de\u011fi\u015fikliklere adaptasyon, baz\u0131 kurulu\u015flar i\u00e7in \u00e7ok kolay olmayabilir. Bu nedenle belgeli kurulu\u015flar\u0131n bir an \u00f6nce bu de\u011fi\u015fikliklerin kendi BGYS\u2019ne etkilerini de\u011ferlendirmesi ve ge\u00e7i\u015f i\u00e7in bir yol haritas\u0131 olu\u015fturmalar\u0131 faydal\u0131 olacakt\u0131r.<\/p>\n","protected":false},"excerpt":{"rendered":"<p>ISO 9001:2015\/Amd 1:2024 Standard\u0131 \/ ISO 14001:2015\/Amd 1:2024 Standard\u0131 \/ ISO 27001:2022\/Amd 1:2024 Standard\u0131 \/ ISO 50001:2018\/Amd 1:2024 Standard\u0131 \/ ISO 45001:2018\/Amd 1:2024 Standard\u0131 \/ ISO 22000:2018\/Amd 1:2024 Standard\u0131 (23 \u015eubat 2024) Uluslararas\u0131 Standart Te\u015fkilat\u0131 (ISO), \u00a0\u201cLondra \u0130klim De\u011fi\u015fikli\u011fi Deklarasyonu&#8217;nu\u201d desteklemek amac\u0131yla \u00a0\u0130klim De\u011fi\u015fikli\u011finin y\u00f6netim sisteminin ama\u00e7lanan sonu\u00e7lar\u0131na ula\u015fma kabiliyeti \u00fczerindeki etkisini dikkate alma ihtiyac\u0131n\u0131&hellip;&nbsp;<a href=\"https:\/\/qdata.com.tr\/index.php\/duyurular\/\" rel=\"bookmark\">Daha fazlas\u0131n\u0131 oku &raquo;<span class=\"screen-reader-text\">Duyurular<\/span><\/a><\/p>\n","protected":false},"author":1,"featured_media":0,"parent":0,"menu_order":0,"comment_status":"closed","ping_status":"closed","template":"","meta":{"neve_meta_sidebar":"","neve_meta_container":"","neve_meta_enable_content_width":"","neve_meta_content_width":0,"neve_meta_title_alignment":"","neve_meta_author_avatar":"","neve_post_elements_order":"","neve_meta_disable_header":"","neve_meta_disable_footer":"","neve_meta_disable_title":"on","footnotes":""},"class_list":["post-71","page","type-page","status-publish","hentry"],"_links":{"self":[{"href":"https:\/\/qdata.com.tr\/index.php\/wp-json\/wp\/v2\/pages\/71","targetHints":{"allow":["GET"]}}],"collection":[{"href":"https:\/\/qdata.com.tr\/index.php\/wp-json\/wp\/v2\/pages"}],"about":[{"href":"https:\/\/qdata.com.tr\/index.php\/wp-json\/wp\/v2\/types\/page"}],"author":[{"embeddable":true,"href":"https:\/\/qdata.com.tr\/index.php\/wp-json\/wp\/v2\/users\/1"}],"replies":[{"embeddable":true,"href":"https:\/\/qdata.com.tr\/index.php\/wp-json\/wp\/v2\/comments?post=71"}],"version-history":[{"count":5,"href":"https:\/\/qdata.com.tr\/index.php\/wp-json\/wp\/v2\/pages\/71\/revisions"}],"predecessor-version":[{"id":787,"href":"https:\/\/qdata.com.tr\/index.php\/wp-json\/wp\/v2\/pages\/71\/revisions\/787"}],"wp:attachment":[{"href":"https:\/\/qdata.com.tr\/index.php\/wp-json\/wp\/v2\/media?parent=71"}],"curies":[{"name":"wp","href":"https:\/\/api.w.org\/{rel}","templated":true}]}}