{"id":691,"date":"2021-03-03T17:42:05","date_gmt":"2021-03-03T14:42:05","guid":{"rendered":"https:\/\/www.eacert.com.tr\/?page_id=76"},"modified":"2024-01-01T18:52:50","modified_gmt":"2024-01-01T15:52:50","slug":"iso-42001-bilgi-teknolojisi-yapay-zeka-yonetim-sistemi","status":"publish","type":"page","link":"https:\/\/qdata.com.tr\/index.php\/duyurular\/iso-42001-bilgi-teknolojisi-yapay-zeka-yonetim-sistemi\/","title":{"rendered":"ISO 42001 Bilgi Teknolojisi Yapay Zek\u00e2 Y\u00f6netim Sistemi"},"content":{"rendered":"\n<h3 class=\"wp-block-heading\" id=\"ember45\">ISO 42001:2023&nbsp; Nedir?<\/h3>\n\n\n\n<p id=\"ember46\">En basit tan\u0131mla, ISO 42001, kurulu\u015flardaki yapay zek\u00e2 sistemlerini y\u00f6netmek i\u00e7in y\u00f6nergeler sa\u011flayan uluslararas\u0131 bir y\u00f6netim sistemi standard\u0131d\u0131r. Yapay zek\u00e2 uygulamalar\u0131 en \u00e7ok sanal asistanlar ile biliniyor olsa da asl\u0131nda \u00e7ok geni\u015f kapsamda kullan\u0131lmaktad\u0131r. E\u011fitim, e\u011flence, siber g\u00fcvenlik, ula\u015f\u0131m, finans, sa\u011fl\u0131k ve daha bir\u00e7ok alanda geli\u015ftirilen yapay zek\u00e2 uygulamalar\u0131 ile kullan\u0131c\u0131lar\u0131n hayat\u0131n\u0131 kolayla\u015ft\u0131ran pek \u00e7ok servisi hayata ge\u00e7irmeyi m\u00fcmk\u00fcn k\u0131lar.<\/p>\n\n\n\n<p id=\"ember47\">Yapay Zek\u00e2 hem topluma hem de i\u015fletmelere sonsuz faydalar sunmaktad\u0131r ancak etkilerin kayg\u0131ya d\u00f6n\u00fc\u015ft\u00fc\u011f\u00fc noktalarda vard\u0131r. Yapay zekaya g\u00fcvenin sa\u011flanmas\u0131, teknolojinin emniyetli, g\u00fcvenli ve etik bir \u015fekilde uygulanmas\u0131n\u0131 gerekir. Aksi takdirde Yapay Zek\u00e2 n\u00fckleer bombalardan \u00e7ok daha tehlikelidir. Elon Musk&#8217;\u0131n da dedi\u011fi gibi &#8220;<strong>Neredeyse herkesin bildi\u011finden \u00e7ok daha fazlas\u0131n\u0131 yapabilir ve geli\u015fme h\u0131z\u0131 katlanarak artmaktad\u0131r.&#8221;<\/strong><\/p>\n\n\n\n<p id=\"ember48\">ISO\/IEC 42001, d\u00fcnyan\u0131n ilk yapay zek\u00e2 y\u00f6netim sistemi standard\u0131d\u0131r ve h\u0131zla de\u011fi\u015fen bu teknoloji alan\u0131 i\u00e7in de\u011ferli rehberlik sa\u011flar. Yapay zekan\u0131n ortaya \u00e7\u0131kard\u0131\u011f\u0131 etik hususlar, \u015feffafl\u0131k ve s\u00fcrekli \u00f6\u011frenme gibi benzersiz zorluklar\u0131 ele al\u0131r. Kurulu\u015flar i\u00e7in, inovasyonu y\u00f6neti\u015fimle dengeleyerek yapay zekayla ili\u015fkili riskleri ve f\u0131rsatlar\u0131 y\u00f6netmek i\u00e7in yap\u0131land\u0131r\u0131lm\u0131\u015f bir rota \u00e7izer. H\u0131zlanan ve benimsenen Yapay Zekan\u0131n (AI) ilgi oda\u011f\u0131 olmas\u0131na ra\u011fmen, kullan\u0131m\u0131n\u0131 ve uygulamas\u0131n\u0131 y\u00f6netecek baz\u0131 y\u00f6ntemlere, standartlara, prosed\u00fcrlere y\u00f6nelik g\u00fc\u00e7l\u00fc bir ihtiya\u00e7 olu\u015fmu\u015ftur. ISO\/IEC 42001 standard\u0131 da bu talebin sonucudur. Geli\u015ftirilmesi, 50&#8217;den fazla \u00fclkeden uzmanlar\u0131n kat\u0131l\u0131m\u0131n\u0131 ve ilk tasla\u011f\u0131n Kas\u0131m 2022&#8217;de yay\u0131nlanmas\u0131ndan \u00f6nce bir s\u00fcre kamuoyununda kat\u0131l\u0131m\u0131yla ger\u00e7ekle\u015ftirmi\u015ftir.<\/p>\n\n\n\n<p id=\"ember49\">\u00dcr\u00fcn veya hizmetlerini geli\u015ftirmek, sunmak veya kullan\u0131lmas\u0131n\u0131 ama\u00e7layan b\u00fcy\u00fck, k\u00fc\u00e7\u00fck her b\u00fcy\u00fckl\u00fckteki kurulu\u015f i\u00e7in ge\u00e7erlidir. T\u00fcm sekt\u00f6rlerde uygulanabilir, kamu sekt\u00f6r\u00fc kurumlar\u0131n\u0131n yan\u0131 s\u0131ra \u015firketler veya k\u00e2r amac\u0131 g\u00fctmeyen kurulu\u015flar i\u00e7inde uygundur. Yapay zeka sistemleri karma\u015f\u0131k oldu\u011fundan, \u00e7ok disiplinli ve temkinli bir yakla\u015f\u0131m gerektirir.<\/p>\n\n\n\n<p id=\"ember50\">Yapay zek\u00e2 potansiyel olarak a\u015fa\u011f\u0131dakiler gibi belirli hususlar\u0131 g\u00fcndeme getirir:<\/p>\n\n\n\n<ul class=\"wp-block-list\">\n<li>Yapay zekan\u0131n otomatik karar verme i\u00e7in bazen \u015feffaf olmayan ve a\u00e7\u0131klanamayan bir \u015fekilde kullan\u0131lmas\u0131, klasik BT sistemlerinin y\u00f6netiminin \u00f6tesinde \u00f6zel bir y\u00f6netim gerektirebilir.<\/li>\n<\/ul>\n\n\n\n<ul class=\"wp-block-list\">\n<li>Sistemleri tasarlamak i\u00e7in insan kodlu mant\u0131k yerine veri analizi, i\u00e7 g\u00f6r\u00fc ve makine \u00f6\u011freniminin kullan\u0131lmas\u0131, hem yapay zek\u00e2 sistemleri i\u00e7in uygulama f\u0131rsatlar\u0131n\u0131 art\u0131r\u0131r hem de bu t\u00fcr sistemlerin geli\u015ftirilme, gerek\u00e7elendirilme ve konu\u015fland\u0131r\u0131lma \u015feklini de\u011fi\u015ftirir.<\/li>\n<\/ul>\n\n\n\n<ul class=\"wp-block-list\">\n<li>S\u00fcrekli \u00f6\u011frenme ger\u00e7ekle\u015ftiren yapay zek\u00e2 sistemleri, kullan\u0131m s\u0131ras\u0131nda davran\u0131\u015flar\u0131n\u0131 de\u011fi\u015ftirir. Sorumlu kullan\u0131mlar\u0131n\u0131n de\u011fi\u015fen davran\u0131\u015flarla devam etmesini sa\u011flamak i\u00e7in \u00f6zel dikkat gerektirirler.<\/li>\n<\/ul>\n\n\n\n<p id=\"ember54\"><strong>ISO 42001:2023 Yapay Zek\u00e2 Standart\u0131 a\u015fa\u011f\u0131daki ana b\u00f6l\u00fcmleri i\u00e7erir;<\/strong><\/p>\n\n\n\n<ol class=\"wp-block-list\">\n<li>Kapsam<\/li>\n\n\n\n<li>Referanslar<\/li>\n\n\n\n<li>Terimler ve Tan\u0131mlar<\/li>\n\n\n\n<li>S\u00fcrd\u00fcr\u00fclebilirlik Y\u00f6netim Sistemi (Yapay zeka Y\u00f6netim Sisteim)<\/li>\n\n\n\n<li>Liderlik (Yapay zeka politikas\u0131, roller sorumluluklar)<\/li>\n\n\n\n<li>Planlama (Risk ve F\u0131rsatlar\u0131 ele almak i\u00e7in eylemler)<\/li>\n\n\n\n<li>Destek (Dok\u00fcmante edilmi\u015f bilgilerin olu\u015fturulmas\u0131 ve g\u00fcncellenmesi)<\/li>\n\n\n\n<li>\u0130\u015fletme (Operasyonel Planlama ve kontrol)<\/li>\n\n\n\n<li>De\u011ferlendirme (izleme, \u00f6l\u00e7me ve Analiz)<\/li>\n\n\n\n<li>\u0130yile\u015ftirme (Geli\u015ftirme)<\/li>\n<\/ol>\n\n\n\n<p id=\"ember56\">11.&nbsp; EK A Referans Kontrol hedefleri ve Kontrolleri<\/p>\n\n\n\n<p id=\"ember57\">12.&nbsp; EK B Yapay zek\u00e2 kontrolleri i\u00e7in uygulama k\u0131lavuzu<\/p>\n\n\n\n<p id=\"ember58\">13.&nbsp; EK C Yapay zek\u00e2 ile ilgili potansiyel kurumsal hedefler ve risk kaynaklar\u0131<\/p>\n\n\n\n<p id=\"ember59\">14.&nbsp; EK D Etki alanlar\u0131 veya sekt\u00f6rler aras\u0131nda YZ y\u00f6netim sisteminin kullan\u0131m\u0131<\/p>\n\n\n\n<p id=\"ember60\"><strong>ISO\/IEC 42001:2023 Yapay Zek\u00e2 Standart\u0131n\u0131n Ama\u00e7lar\u0131;<\/strong><\/p>\n\n\n\n<ul class=\"wp-block-list\">\n<li>G\u00fcvenilir, \u015feffaf ve hesap verebilir yapay zek\u00e2 sistemlerinin geli\u015ftirilmesini ve kullan\u0131m\u0131n\u0131 te\u015fvik etmek.<\/li>\n\n\n\n<li>Payda\u015f beklentilerini kar\u015f\u0131layacak \u015fekilde yapay zek\u00e2 sistemlerini da\u011f\u0131t\u0131rken adalet, ayr\u0131mc\u0131l\u0131k yapmama ve gizlili\u011fe sayg\u0131 gibi etik ilkeleri ve de\u011ferleri vurgulamak.<\/li>\n\n\n\n<li>Kurulu\u015flar\u0131n yapay zek\u00e2 uygulamas\u0131yla ilgili riskleri belirlemesine ve azaltmas\u0131na yard\u0131mc\u0131 olarak verimlili\u011fi art\u0131r\u0131r ve maliyeti azalt\u0131r.<\/li>\n\n\n\n<li>Veri koruma gereklilikleri de dahil olmak \u00fczere mevzuat uyumlulu\u011funun s\u00fcrd\u00fcr\u00fclmesi.<\/li>\n\n\n\n<li>Kurulu\u015flar\u0131 yapay zek\u00e2 tasar\u0131m\u0131 ve da\u011f\u0131t\u0131m\u0131nda insan refah\u0131na, g\u00fcvenli\u011fe ve kullan\u0131c\u0131 deneyimine \u00f6ncelik vermeye te\u015fvik ederek yapay zek\u00e2 y\u00f6netimine daha fazla g\u00fcven kazand\u0131rmak.<\/li>\n\n\n\n<li>ISO 42001&#8217;e ba\u011fl\u0131 kalan kurulu\u015flar\u0131n rekabet avantaj\u0131 kazanmas\u0131 ve etik yapay zek\u00e2 alan\u0131nda lider olarak g\u00f6r\u00fclmesi nedeniyle itibar\u0131n\u0131 art\u0131rmak.<\/li>\n<\/ul>\n\n\n\n<p id=\"ember62\"><strong>ISO\/IEC 42001:2023 Yapay Zek\u00e2 Standart\u0131n\u0131n Kurumunuza Faydalar\u0131 nelerdir?<\/strong><\/p>\n\n\n\n<ul class=\"wp-block-list\">\n<li>Son teknolojiye, \u00f6nceliklere ve gereksinimlere odaklanarak yenilikleri yak\u0131ndan takip etmenizi sa\u011flar.<\/li>\n\n\n\n<li>Ortaya \u00e7\u0131kan trendleri i\u00e7g\u00f6r\u00fcrleri ve f\u0131rsatlar\u0131 belirleyerek ve Piyasa Analizini yapman\u0131z\u0131 kolayla\u015ft\u0131r\u0131r.<\/li>\n\n\n\n<li>Kurumunuza \u0130zlenebilirlik, \u015feffafl\u0131k ve g\u00fcvenilirlik kazand\u0131r\u0131r,<\/li>\n\n\n\n<li>Maliyet tasarrufu ve verimlilik art\u0131\u015f\u0131 sa\u011flar,<\/li>\n\n\n\n<li>Sekt\u00f6r \u00f6nc\u00fclerinden biri olarak lanse edilmenize yard\u0131mc\u0131 olarak d\u00fc\u015f\u00fcnce liderli\u011finizi tetikler,<\/li>\n\n\n\n<li>Standardizasyon faaliyetlerine kat\u0131lmak i\u00e7in yeni payda\u015flar\u0131n ilgisini \u00e7ekmenize yard\u0131mc\u0131 olur,<\/li>\n\n\n\n<li>Riski ve f\u0131rsatlar\u0131 y\u00f6netmeye y\u00f6nelik rehberlik sa\u011flar,<\/li>\n<\/ul>\n\n\n\n<p id=\"ember64\">Bu standart t\u00fcm yapay zek\u00e2 sistemleri i\u00e7in ge\u00e7erlidir ve \u00e7e\u015fitli yapay zek\u00e2 uygulamalar\u0131na ve ba\u011flamlar\u0131na uygulanabilecek \u015fekilde tasarlanm\u0131\u015ft\u0131r.<\/p>\n\n\n\n<p id=\"ember65\">Sonu\u00e7 olarak Organizasyonlar, yapay zek\u00e2 y\u00f6netim sistemlerini mevcut yap\u0131lar\u0131yla entegre ederek yapay zekan\u0131n operasyonlar\u0131n\u0131 ISO 42001 standard\u0131 ile birlikte etkili bir \u015fekilde y\u00f6netebilir. Kurulu\u015flar s\u00fcrd\u00fcr\u00fclebilirlik performanslar\u0131n\u0131 iyile\u015ftirmek, rekabet avantaj\u0131 sa\u011flamak, risklerini y\u00f6netmek, yasal d\u00fczenlemelere uyum sa\u011flamak ve ileti\u015fimlerini g\u00fc\u00e7lendirmek i\u00e7in ISO 42001 sertifikas\u0131 almay\u0131 tercih edebilir. Bu konu da daha fazla bilgi sahibi olmak i\u00e7in bize <a href=\"mailto:info@qdata.com.tr\">info@qdata.com.tr<\/a> adresinden ula\u015fabilirsiniz.<\/p>\n","protected":false},"excerpt":{"rendered":"<p>ISO 42001:2023&nbsp; Nedir? En basit tan\u0131mla, ISO 42001, kurulu\u015flardaki yapay zek\u00e2 sistemlerini y\u00f6netmek i\u00e7in y\u00f6nergeler sa\u011flayan uluslararas\u0131 bir y\u00f6netim sistemi standard\u0131d\u0131r. Yapay zek\u00e2 uygulamalar\u0131 en \u00e7ok sanal asistanlar ile biliniyor olsa da asl\u0131nda \u00e7ok geni\u015f kapsamda kullan\u0131lmaktad\u0131r. E\u011fitim, e\u011flence, siber g\u00fcvenlik, ula\u015f\u0131m, finans, sa\u011fl\u0131k ve daha bir\u00e7ok alanda geli\u015ftirilen yapay zek\u00e2 uygulamalar\u0131 ile kullan\u0131c\u0131lar\u0131n hayat\u0131n\u0131&hellip;&nbsp;<a href=\"https:\/\/qdata.com.tr\/index.php\/duyurular\/iso-42001-bilgi-teknolojisi-yapay-zeka-yonetim-sistemi\/\" rel=\"bookmark\">Daha fazlas\u0131n\u0131 oku &raquo;<span class=\"screen-reader-text\">ISO 42001 Bilgi Teknolojisi Yapay Zek\u00e2 Y\u00f6netim Sistemi<\/span><\/a><\/p>\n","protected":false},"author":1,"featured_media":0,"parent":71,"menu_order":1,"comment_status":"closed","ping_status":"closed","template":"","meta":{"neve_meta_sidebar":"","neve_meta_container":"","neve_meta_enable_content_width":"","neve_meta_content_width":0,"neve_meta_title_alignment":"","neve_meta_author_avatar":"","neve_post_elements_order":"","neve_meta_disable_header":"","neve_meta_disable_footer":"","neve_meta_disable_title":"","footnotes":""},"class_list":["post-691","page","type-page","status-publish","hentry"],"_links":{"self":[{"href":"https:\/\/qdata.com.tr\/index.php\/wp-json\/wp\/v2\/pages\/691","targetHints":{"allow":["GET"]}}],"collection":[{"href":"https:\/\/qdata.com.tr\/index.php\/wp-json\/wp\/v2\/pages"}],"about":[{"href":"https:\/\/qdata.com.tr\/index.php\/wp-json\/wp\/v2\/types\/page"}],"author":[{"embeddable":true,"href":"https:\/\/qdata.com.tr\/index.php\/wp-json\/wp\/v2\/users\/1"}],"replies":[{"embeddable":true,"href":"https:\/\/qdata.com.tr\/index.php\/wp-json\/wp\/v2\/comments?post=691"}],"version-history":[{"count":2,"href":"https:\/\/qdata.com.tr\/index.php\/wp-json\/wp\/v2\/pages\/691\/revisions"}],"predecessor-version":[{"id":776,"href":"https:\/\/qdata.com.tr\/index.php\/wp-json\/wp\/v2\/pages\/691\/revisions\/776"}],"up":[{"embeddable":true,"href":"https:\/\/qdata.com.tr\/index.php\/wp-json\/wp\/v2\/pages\/71"}],"wp:attachment":[{"href":"https:\/\/qdata.com.tr\/index.php\/wp-json\/wp\/v2\/media?parent=691"}],"curies":[{"name":"wp","href":"https:\/\/api.w.org\/{rel}","templated":true}]}}