{"id":6,"date":"2021-11-08T11:21:58","date_gmt":"2021-11-08T08:21:58","guid":{"rendered":"https:\/\/qdata.com.tr\/?page_id=6"},"modified":"2022-01-27T22:42:57","modified_gmt":"2022-01-27T19:42:57","slug":"politika","status":"publish","type":"page","link":"https:\/\/qdata.com.tr\/index.php\/politika\/","title":{"rendered":"Kalite Politikas\u0131"},"content":{"rendered":"\n<p>Qdata Sertifikasyon \u2018un politikas\u0131, t\u00fcm end\u00fcstri ve hizmet sekt\u00f6rlerine, rekabet\u00e7i, uygun maliyetli, tarafs\u0131z ve ba\u011f\u0131ms\u0131z \u00fc\u00e7\u00fcnc\u00fc taraf belgelendirme hizmeti sa\u011flamakt\u0131r. Bizim amac\u0131m\u0131z geni\u015f, tutarl\u0131 ve kaliteli hizmeti, her g\u00fcn iyile\u015fen ve s\u00fcrekli m\u00fc\u015fteri memnuniyeti sa\u011flayacak \u015fekilde sunmakt\u0131r. Bu ama\u00e7la a\u015fa\u011f\u0131daki prensipler yol g\u00f6stericimiz olmaktad\u0131r.<\/p>\n\n\n\n<p>Qdata Sertifikasyon olarak \u00e7evre duyarl\u0131l\u0131\u011f\u0131n\u0131 ve bilincini \u00f6n plana \u00e7\u0131karmak, kirlenmenin \u00f6nlenmesi ve \u00e7evrenin korunmas\u0131 i\u00e7in ba\u015fvuran kurulu\u015flara katma de\u011fer sa\u011flayan, iyile\u015ftirmeyi \u00f6n plana \u00e7\u0131karan denetim ve belgelendirme hizmeti sunmak ama\u00e7lar\u0131m\u0131zdan birisidir.<\/p>\n\n\n\n<p>\u0130\u015f\u00e7i sa\u011fl\u0131\u011f\u0131 ve i\u015f g\u00fcvenli\u011fi konular\u0131nda her zaman duyarl\u0131, kaza ve yaralanmay\u0131 azaltma amac\u0131 ile denetim ve belgelendirme hizmetleri sunmak, kendi kontrol\u00fcnde \u00e7al\u0131\u015fan personelinin veya di\u011fer ilgili taraflar\u0131n korunmas\u0131 i\u00e7in i\u015f g\u00fcvenli\u011fi ile ilgili her t\u00fcrl\u00fc tedbiri almak politikam\u0131z\u0131n unsurlar\u0131ndan birisidir.<\/p>\n\n\n\n<p>B\u00fct\u00fcnl\u00fc\u011f\u00fc olan, tutarl\u0131 ve anlaml\u0131 denetimler yapmak.<\/p>\n\n\n\n<p>Uygun maliyet ve h\u0131zl\u0131 bir servis vererek, de\u011fer yaratan hizmetler sunmak.<\/p>\n\n\n\n<p>M\u00fc\u015fterilere katma de\u011fer sa\u011flayan denetimler yapmak.<\/p>\n\n\n\n<p>\u00dclkenin end\u00fcstri ve hizmet sekt\u00f6rlerine bilgi \u00fcreterek ve bunu aktararak katk\u0131 sa\u011flamak.<\/p>\n\n\n\n<p>Y\u00fcksek standartlarda bir \u015firket i\u00e7i y\u00f6netim geli\u015ftirmek ve uygulamak.<\/p>\n\n\n\n<p>\u00c7evre kirlili\u011finin \u00f6nlenmesi, \u00e7evrenin korunmas\u0131, kendi kontrol\u00fcm\u00fcz alt\u0131ndaki \u00e7al\u0131\u015fmalarda kaza ve yaralanmalar\u0131n azalt\u0131lmas\u0131n\u0131 sa\u011flamak.<\/p>\n\n\n\n<p>B\u00fct\u00fcn Qdata Sertifikasyon \u00e7al\u0131\u015fanlar\u0131 ve i\u015f ortaklar\u0131 belgelendirme hizmetlerinin s\u00fcrekli olarak iyile\u015ftirilmesi ve b\u00f6ylece y\u00fcksek dereceli bir m\u00fc\u015fteri memnuniyeti olu\u015fturulmas\u0131n\u0131 desteklerler. Bizim amac\u0131m\u0131z yapt\u0131\u011f\u0131m\u0131z t\u00fcm faaliyetlerde kaliteyi yakalamak ve m\u00fc\u015fteri \u015fartlar\u0131na ve yasalar\u0131n gerekli k\u0131ld\u0131\u011f\u0131 \u015fartlara her zaman uymakt\u0131r.<\/p>\n\n\n\n<p>Qdata Sertifikasyon Hizmetleri A.\u015e.<\/p>\n","protected":false},"excerpt":{"rendered":"<p>Qdata Sertifikasyon \u2018un politikas\u0131, t\u00fcm end\u00fcstri ve hizmet sekt\u00f6rlerine, rekabet\u00e7i, uygun maliyetli, tarafs\u0131z ve ba\u011f\u0131ms\u0131z \u00fc\u00e7\u00fcnc\u00fc taraf belgelendirme hizmeti sa\u011flamakt\u0131r. Bizim amac\u0131m\u0131z geni\u015f, tutarl\u0131 ve kaliteli hizmeti, her g\u00fcn iyile\u015fen ve s\u00fcrekli m\u00fc\u015fteri memnuniyeti sa\u011flayacak \u015fekilde sunmakt\u0131r. Bu ama\u00e7la a\u015fa\u011f\u0131daki prensipler yol g\u00f6stericimiz olmaktad\u0131r. Qdata Sertifikasyon olarak \u00e7evre duyarl\u0131l\u0131\u011f\u0131n\u0131 ve bilincini \u00f6n plana \u00e7\u0131karmak, kirlenmenin&hellip;&nbsp;<a href=\"https:\/\/qdata.com.tr\/index.php\/politika\/\" rel=\"bookmark\">Daha fazlas\u0131n\u0131 oku &raquo;<span class=\"screen-reader-text\">Kalite Politikas\u0131<\/span><\/a><\/p>\n","protected":false},"author":1,"featured_media":0,"parent":0,"menu_order":0,"comment_status":"closed","ping_status":"closed","template":"","meta":{"neve_meta_sidebar":"","neve_meta_container":"","neve_meta_enable_content_width":"","neve_meta_content_width":0,"neve_meta_title_alignment":"","neve_meta_author_avatar":"","neve_post_elements_order":"","neve_meta_disable_header":"","neve_meta_disable_footer":"","neve_meta_disable_title":"","footnotes":""},"class_list":["post-6","page","type-page","status-publish","hentry"],"_links":{"self":[{"href":"https:\/\/qdata.com.tr\/index.php\/wp-json\/wp\/v2\/pages\/6","targetHints":{"allow":["GET"]}}],"collection":[{"href":"https:\/\/qdata.com.tr\/index.php\/wp-json\/wp\/v2\/pages"}],"about":[{"href":"https:\/\/qdata.com.tr\/index.php\/wp-json\/wp\/v2\/types\/page"}],"author":[{"embeddable":true,"href":"https:\/\/qdata.com.tr\/index.php\/wp-json\/wp\/v2\/users\/1"}],"replies":[{"embeddable":true,"href":"https:\/\/qdata.com.tr\/index.php\/wp-json\/wp\/v2\/comments?post=6"}],"version-history":[{"count":3,"href":"https:\/\/qdata.com.tr\/index.php\/wp-json\/wp\/v2\/pages\/6\/revisions"}],"predecessor-version":[{"id":141,"href":"https:\/\/qdata.com.tr\/index.php\/wp-json\/wp\/v2\/pages\/6\/revisions\/141"}],"wp:attachment":[{"href":"https:\/\/qdata.com.tr\/index.php\/wp-json\/wp\/v2\/media?parent=6"}],"curies":[{"name":"wp","href":"https:\/\/api.w.org\/{rel}","templated":true}]}}