{"id":350,"date":"2021-03-04T17:52:53","date_gmt":"2021-03-04T14:52:53","guid":{"rendered":"https:\/\/www.eacert.com.tr\/?page_id=350"},"modified":"2021-03-04T17:52:53","modified_gmt":"2021-03-04T14:52:53","slug":"belge-sorgulama","status":"publish","type":"page","link":"https:\/\/qdata.com.tr\/index.php\/belge-sorgulama\/","title":{"rendered":"Belge Sorgulama"},"content":{"rendered":"\n<pre class=\"wp-block-code has-medium-font-size\"><code><div class=\"about container py-0\" style=\"background-color: #f1f1f1;\">     <form data-section=\"belge\/form\">         <div class=\"about-wrp text-center belge py-lg-5\">             <h2>Belgenizi Sorgulay\u0131n<\/h2>             <p class=\"p-0 mt-4 mb-5\" style=\"font-family: 'Source Sans Pro', sans-serif;font-size: 18px;\">Ge\u00e7erlili\u011fini kontrol etmek istedi\u011finiz sertifikan\u0131n numaras\u0131n\u0131 veya firma ad\u0131n\u0131z\u0131 kutucu\u011fa yaz\u0131n\u0131z.   <\/p><\/div><\/form><\/div>\n<div class=\"about container py-0\" style=\"background-color: #f1f1f1;\"><form data-section=\"belge\/form\"><div class=\"about-wrp text-center belge py-lg-5\"><p class=\"p-0 mt-4 mb-5\" style=\"font-family: 'Source Sans Pro', sans-serif;font-size: 18px;\"><kbd><strong><input data-section=\"belge\/input\" name=\"belge_no\" type=\"text\" placeholder=\"\u00d6r. 2022-0001 veya T\u00fcrk Hava Yollar\u0131\"><\/strong><\/kbd><\/p><button type=\"submit\" data-section=\"belge\/button\" href=\"#\" class=\"button black mt-4\">Sorgula<\/button>             <div class=\"py-2\" data-section=\"belge\/message\">             <div data-section=\"belge\/results\" class=\"overflow-auto\" style=\"overflow: auto;\">             <p class=\"my-3 py-0\"><strong>Yay\u0131nlam\u0131\u015f oldu\u011fumuz sertifikalar hakk\u0131nda veya belgelendirmeye ili\u015fkin herhangi bir konuda bilgi almak i\u00e7in l\u00fctfen bizimle ileti\u015fim kurunuz. \n<a href=\"mailto:info@qdata.com.tr\">info@qdata.com.tr<\/a>      <\/strong>       <\/p>             <p class=\"my-3 py-0\">       <\/p>         <\/div>      <\/div><\/div><\/form><\/div><\/code><\/pre>\n","protected":false},"excerpt":{"rendered":"","protected":false},"author":1,"featured_media":0,"parent":0,"menu_order":0,"comment_status":"closed","ping_status":"closed","template":"","meta":{"neve_meta_sidebar":"","neve_meta_container":"","neve_meta_enable_content_width":"","neve_meta_content_width":0,"neve_meta_title_alignment":"","neve_meta_author_avatar":"","neve_post_elements_order":"","neve_meta_disable_header":"off","neve_meta_disable_footer":"","neve_meta_disable_title":"on","footnotes":""},"class_list":["post-350","page","type-page","status-publish","hentry"],"_links":{"self":[{"href":"https:\/\/qdata.com.tr\/index.php\/wp-json\/wp\/v2\/pages\/350","targetHints":{"allow":["GET"]}}],"collection":[{"href":"https:\/\/qdata.com.tr\/index.php\/wp-json\/wp\/v2\/pages"}],"about":[{"href":"https:\/\/qdata.com.tr\/index.php\/wp-json\/wp\/v2\/types\/page"}],"author":[{"embeddable":true,"href":"https:\/\/qdata.com.tr\/index.php\/wp-json\/wp\/v2\/users\/1"}],"replies":[{"embeddable":true,"href":"https:\/\/qdata.com.tr\/index.php\/wp-json\/wp\/v2\/comments?post=350"}],"version-history":[{"count":0,"href":"https:\/\/qdata.com.tr\/index.php\/wp-json\/wp\/v2\/pages\/350\/revisions"}],"wp:attachment":[{"href":"https:\/\/qdata.com.tr\/index.php\/wp-json\/wp\/v2\/media?parent=350"}],"curies":[{"name":"wp","href":"https:\/\/api.w.org\/{rel}","templated":true}]}}