{"id":2,"date":"2021-11-08T14:10:09","date_gmt":"2021-11-08T11:10:09","guid":{"rendered":"https:\/\/qdata.com.tr\/?page_id=2"},"modified":"2022-01-27T22:43:14","modified_gmt":"2022-01-27T19:43:14","slug":"taahhut","status":"publish","type":"page","link":"https:\/\/qdata.com.tr\/index.php\/taahhut\/","title":{"rendered":"Tarafs\u0131zl\u0131k Taahh\u00fcd\u00fc"},"content":{"rendered":"\n<p>Qdata Sertifikasyon Hizmetleri A.\u015e. y\u00f6netici \/ \u00e7al\u0131\u015fan \/ komite \u00fcyeleri olarak, yapt\u0131\u011f\u0131m\u0131z belgelendirme faaliyetlerinde a\u015fa\u011f\u0131daki hususlara uyaca\u011f\u0131m\u0131z\u0131 taahh\u00fct ederiz.<\/p>\n\n\n\n<p>1\u2013 Yapt\u0131\u011f\u0131m\u0131z t\u00fcm faaliyetlerde yasalara, belgelendirme kurallar\u0131n\u0131 i\u00e7eren ISO \/ IEC 17021, ISO \/ IEC 27006 ve bunlar\u0131n uygulanmas\u0131na y\u00f6nelik olarak verilen IAF \u2013 International Accreditation Forum taraf\u0131ndan haz\u0131rlanan zorunlu ( MD ) ve K\u0131lavuz ( GD ) dok\u00fcmanlar\u0131nda ki ilgili ilkelerde belirtilen t\u00fcm kurallara etik \u00f6l\u00e7\u00fcler i\u00e7erisinde sad\u0131k kalaca\u011f\u0131z.<\/p>\n\n\n\n<p>2\u2013 Faaliyetlerimizi tarafs\u0131zl\u0131k kurallar\u0131 i\u00e7erisinde ger\u00e7ekle\u015ftirece\u011fiz.<\/p>\n\n\n\n<p>3\u2013Kurulu\u015fumuz taraf\u0131ndan sa\u011flanm\u0131\u015f olan ba\u011f\u0131ms\u0131zl\u0131\u011f\u0131m\u0131z\u0131 tam anlam\u0131 ile s\u00fcrd\u00fcrece\u011fiz. Belgelendirme konusu ile ilgili olarak gelebilecek her t\u00fcrl\u00fc tehdide ba\u011f\u0131ms\u0131zl\u0131\u011f\u0131m\u0131z\u0131 s\u00fcrd\u00fcrecek \u015fekilde kar\u015f\u0131 koyaca\u011f\u0131z.<\/p>\n\n\n\n<p>4\u2013 Kar\u015f\u0131la\u015fabilece\u011fimiz her hangi bir tarafs\u0131zl\u0131k ile ili\u015fkili tehlike veya tehdidi, zaman ge\u00e7irmeksizin Qdata Sertifikasyon y\u00f6netimine bildirece\u011fiz.<\/p>\n\n\n\n<p>5\u2013 Belgelendirme faaliyetlerinde adalet ve hakkaniyet \u00f6l\u00e7\u00fclerini s\u00fcrekli g\u00f6zetece\u011fiz ve bu \u00f6l\u00e7\u00fcler i\u00e7erisinde davranaca\u011f\u0131z.<\/p>\n\n\n\n<p>6\u2013 Yapt\u0131\u011f\u0131m\u0131z faaliyetlerde \u00fclke alt yap\u0131s\u0131na ve ekonomik sistemine katk\u0131 sa\u011flamak her zaman \u00f6ncelikli hedeflerimizden olacakt\u0131r.<\/p>\n\n\n\n<p>Qdata Sertifikasyon Hizmetleri A.\u015e.<\/p>\n","protected":false},"excerpt":{"rendered":"<p>Qdata Sertifikasyon Hizmetleri A.\u015e. y\u00f6netici \/ \u00e7al\u0131\u015fan \/ komite \u00fcyeleri olarak, yapt\u0131\u011f\u0131m\u0131z belgelendirme faaliyetlerinde a\u015fa\u011f\u0131daki hususlara uyaca\u011f\u0131m\u0131z\u0131 taahh\u00fct ederiz. 1\u2013 Yapt\u0131\u011f\u0131m\u0131z t\u00fcm faaliyetlerde yasalara, belgelendirme kurallar\u0131n\u0131 i\u00e7eren ISO \/ IEC 17021, ISO \/ IEC 27006 ve bunlar\u0131n uygulanmas\u0131na y\u00f6nelik olarak verilen IAF \u2013 International Accreditation Forum taraf\u0131ndan haz\u0131rlanan zorunlu ( MD ) ve K\u0131lavuz (&hellip;&nbsp;<a href=\"https:\/\/qdata.com.tr\/index.php\/taahhut\/\" rel=\"bookmark\">Daha fazlas\u0131n\u0131 oku &raquo;<span class=\"screen-reader-text\">Tarafs\u0131zl\u0131k Taahh\u00fcd\u00fc<\/span><\/a><\/p>\n","protected":false},"author":1,"featured_media":0,"parent":0,"menu_order":0,"comment_status":"closed","ping_status":"closed","template":"","meta":{"neve_meta_sidebar":"","neve_meta_container":"","neve_meta_enable_content_width":"","neve_meta_content_width":0,"neve_meta_title_alignment":"","neve_meta_author_avatar":"","neve_post_elements_order":"","neve_meta_disable_header":"","neve_meta_disable_footer":"","neve_meta_disable_title":"","footnotes":""},"class_list":["post-2","page","type-page","status-publish","hentry"],"_links":{"self":[{"href":"https:\/\/qdata.com.tr\/index.php\/wp-json\/wp\/v2\/pages\/2","targetHints":{"allow":["GET"]}}],"collection":[{"href":"https:\/\/qdata.com.tr\/index.php\/wp-json\/wp\/v2\/pages"}],"about":[{"href":"https:\/\/qdata.com.tr\/index.php\/wp-json\/wp\/v2\/types\/page"}],"author":[{"embeddable":true,"href":"https:\/\/qdata.com.tr\/index.php\/wp-json\/wp\/v2\/users\/1"}],"replies":[{"embeddable":true,"href":"https:\/\/qdata.com.tr\/index.php\/wp-json\/wp\/v2\/comments?post=2"}],"version-history":[{"count":2,"href":"https:\/\/qdata.com.tr\/index.php\/wp-json\/wp\/v2\/pages\/2\/revisions"}],"predecessor-version":[{"id":142,"href":"https:\/\/qdata.com.tr\/index.php\/wp-json\/wp\/v2\/pages\/2\/revisions\/142"}],"wp:attachment":[{"href":"https:\/\/qdata.com.tr\/index.php\/wp-json\/wp\/v2\/media?parent=2"}],"curies":[{"name":"wp","href":"https:\/\/api.w.org\/{rel}","templated":true}]}}