{"id":185,"date":"2021-03-04T13:30:26","date_gmt":"2021-03-04T10:30:26","guid":{"rendered":"https:\/\/www.eacert.com.tr\/?page_id=185"},"modified":"2021-03-04T13:30:26","modified_gmt":"2021-03-04T10:30:26","slug":"iso-45001-is-sagligi-ve-guvenligi-yonetim-sistemi","status":"publish","type":"page","link":"https:\/\/qdata.com.tr\/index.php\/hizmetlerimiz\/iso-45001-is-sagligi-ve-guvenligi-yonetim-sistemi\/","title":{"rendered":"ISO 45001 \u0130\u015f Sa\u011fl\u0131\u011f\u0131 ve G\u00fcvenli\u011fi Y\u00f6netim Sistemi"},"content":{"rendered":"\n<p>M\u00fc\u015fterilerin ve t\u00fcketicilerin, \u00fcr\u00fcn ve hizmet almakta olduklar\u0131 kurulu\u015flardan olan beklentileri giderek art\u0131\u015f g\u00f6stermektedir. Art\u0131k sadece kaliteli \u00fcr\u00fcn veya hizmet sunmak yetmemekte, bunun yan\u0131 s\u0131ra kurulu\u015flardan sosyal sorumluluklar\u0131n\u0131 da yerine getirmeleri beklenmektedir. Bu beklentiler, klasik &#8220;kalite&#8221; tan\u0131mlar\u0131n\u0131n da ge\u00e7erlili\u011fini yitirmesine sebep olmu\u015f; tan\u0131mlarda, i\u015f sa\u011fl\u0131\u011f\u0131 ve g\u00fcvenli\u011fi ile ilgili ifadeler ge\u00e7meye ba\u015flam\u0131\u015f ve tan\u0131m, sosyal sorumluluklar\u0131n eklenmesi ile birlikte geni\u015fletilmi\u015ftir. Art\u0131k &#8220;kalite&#8221; denilince, kurulu\u015flar\u0131n i\u015f sa\u011fl\u0131\u011f\u0131 ve g\u00fcvenli\u011fi ile ilgili mevzuata ne derece uygun oldu\u011fu, ilgili taraflar i\u00e7in g\u00fcvenli ve sa\u011fl\u0131kl\u0131 \u00e7al\u0131\u015fma ortam\u0131n\u0131 olu\u015fturup olu\u015fturmad\u0131\u011f\u0131 ve bu ortam\u0131 s\u00fcrekli iyile\u015ftirip iyile\u015ftirmedi\u011fi de sorgulanmaktad\u0131r.<\/p>\n\n\n\n<p>\u00c7al\u0131\u015fma ortamlar\u0131, yap\u0131lan i\u015flemlerden ve kullan\u0131lan, \u00fcretilen maddelerden kaynaklanarak, ki\u015fisel sa\u011fl\u0131k ve g\u00fcvenlik riskleri olu\u015fturan \u00e7e\u015fitli ortam fakt\u00f6rleri ile doludur. G\u00fcnl\u00fck ya\u015fant\u0131m\u0131z\u0131n ortalama \u00fc\u00e7te birini ge\u00e7irdi\u011fimiz i\u015fyerlerimizde daha sa\u011fl\u0131kl\u0131 ve g\u00fcvenli \u015fekilde ya\u015famam\u0131z i\u00e7in al\u0131nmas\u0131 gereken tedbirlerde her \u00e7al\u0131\u015fan\u0131n ve y\u00f6neticinin temel sorumlulu\u011fu bulunmaktad\u0131r. \u0130nsana yara\u015fan bu g\u00fcvenli ortamlar\u0131 sa\u011flayabilmek ancak bu husustaki kurallar\u0131 ya\u015fam tarz\u0131 olarak benimsemekle sa\u011flanabilir.<\/p>\n\n\n\n<p>\u00c7al\u0131\u015fanlar i\u00e7in t\u00fcm y\u00f6nleriyle sa\u011fl\u0131kl\u0131 ve g\u00fcvenli bir \u00e7al\u0131\u015fma ortam\u0131n\u0131n olu\u015fturulamamas\u0131, \u00e7al\u0131\u015fma hayat\u0131n\u0131n g\u00fcn\u00fcm\u00fczdeki en \u00f6nemli sorunlar\u0131ndan biri durumundad\u0131r. Bir\u00e7ok \u00fclkede, \u00f6zellikle bizim gibi sanayile\u015fme yolunda ilerleyen ve geli\u015fmekte olan \u00fclkelerde, i\u015f sa\u011fl\u0131\u011f\u0131 ve g\u00fcvenli\u011fi ile ilgili bir tak\u0131m sorunlar ortaya \u00e7\u0131kmakta, bu sorunlar \u00e7al\u0131\u015fanlar\u0131n sa\u011fl\u0131\u011f\u0131 yan\u0131nda i\u015f verimini de etkilemektedir. Hem \u00fcretim hem de hizmet sekt\u00f6rlerinde, i\u015fyerlerini \u00e7al\u0131\u015fanlar i\u00e7in sa\u011fl\u0131kl\u0131 ve g\u00fcvenli hale getirmek, kanunlarca zorunlu k\u0131l\u0131nm\u0131\u015ft\u0131r. \u0130\u015fte tam bu noktada, ISO 45001 \u0130\u015f Sa\u011fl\u0131\u011f\u0131 ve G\u00fcvenli\u011fi Y\u00f6netim Sistemi Standard\u0131, bu zorunlulu\u011fu yerine getirmede yard\u0131mc\u0131 olabilecek, tetkik edilebilir ve uluslararas\u0131 platformda kabul g\u00f6ren bir standart olarak kar\u015f\u0131m\u0131za \u00e7\u0131kmaktad\u0131r.<\/p>\n\n\n\n<p>ISO 45001 her t\u00fcrde sekt\u00f6re ve faaliyetleri t\u00fcm organizasyonlara uygulanabilen, i\u015f sa\u011fl\u0131\u011f\u0131 ve g\u00fcvenli\u011fi faaliyetlerinin kurulu\u015flar\u0131n genel stratejileri ile uyumlu olarak sistematik bir \u015fekilde ele al\u0131n\u0131p s\u00fcrekli iyile\u015ftirme yakla\u015f\u0131m\u0131 \u00e7er\u00e7evesinde \u00e7\u00f6z\u00fcmlenmesi i\u00e7in kullan\u0131lan etkin bir ara\u00e7t\u0131r. Bu standart yard\u0131m\u0131yla i\u015f sa\u011fl\u0131\u011f\u0131 ve g\u00fcvenli\u011fi risklerinin belirlendi\u011fi, analiz edildi\u011fi ve \u00f6nlemlerle asgari seviyeye indirildi\u011fi, yasal mevzuata uyumlu, i\u015f sa\u011fl\u0131\u011f\u0131 ve g\u00fcvenli\u011fi ile ilgili hedeflerin bulundu\u011fu ve bunlar\u0131n ger\u00e7ekle\u015ftirilmesi i\u00e7in uygulamalar\u0131n hayata ge\u00e7irildi\u011fi bir y\u00f6netim sistemi kurmak m\u00fcmk\u00fcnd\u00fcr. Bu sayede \u00e7al\u0131\u015fanlar acil durumlara haz\u0131r, i\u015f sa\u011fl\u0131\u011f\u0131 ve g\u00fcvenli\u011fi performans\u0131n\u0131 izleyen, izleme sonu\u00e7lar\u0131n\u0131 iyile\u015ftirme faaliyetlerini ba\u015flatmak i\u00e7in kullanan, faaliyetlerini denetleyen, yapt\u0131klar\u0131n\u0131 g\u00f6zden ge\u00e7iren ve dok\u00fcmante eden bir kurulu\u015fta i\u015f sa\u011fl\u0131\u011f\u0131 ve g\u00fcvenli\u011fi faaliyetlerine gereken \u00f6nemi veren bir sistemin par\u00e7as\u0131 olacaklard\u0131r.<\/p>\n\n\n\n<p>ISO 45001&#8217;in temel amac\u0131; i\u015f sa\u011fl\u0131\u011f\u0131 ve g\u00fcvenli\u011fi ile ilgili yasal mevzuat\u0131n \u0131\u015f\u0131\u011f\u0131 alt\u0131nda, kurulu\u015ftaki s\u00f6z konusu riskleri ortadan kald\u0131rarak veya en aza indirerek, sa\u011fl\u0131kl\u0131, g\u00fcvenli bir \u00e7al\u0131\u015fma ortam\u0131 olu\u015fturmak ve bu ortam\u0131 y\u00f6netmektir. Daha detayl\u0131 anlatmak gerekirse ISO 45001&#8217;in \u00fc\u00e7 ana ba\u015fl\u0131kta toplayabilece\u011fimiz ama\u00e7lar\u0131 \u015funlard\u0131r:<\/p>\n\n\n\n<p><strong>1) \u00c7al\u0131\u015fanlar\u0131 korumak:<\/strong>&nbsp;\u00c7al\u0131\u015fanlar\u0131 i\u015fyerinin olumsuz etkilerinden korumak, rahat ve g\u00fcvenli bir ortamda \u00e7al\u0131\u015fmalar\u0131n\u0131 sa\u011flamak i\u015f sa\u011fl\u0131\u011f\u0131 ve g\u00fcvenli\u011finin ilk amac\u0131d\u0131r.<br><strong>2) \u00dcretim g\u00fcvenli\u011fini sa\u011flamak:<\/strong>&nbsp;\u0130\u015f kazalar\u0131 ve meslek hastal\u0131klar\u0131 sebebiyle olu\u015fabilecek i\u015f g\u00fcc\u00fc ve i\u015f g\u00fcn\u00fc kay\u0131plar\u0131n\u0131n en aza indirilmesi, dolay\u0131s\u0131yla i\u015f veriminde art\u0131\u015f\u0131n sa\u011flanmas\u0131yla \u00fcretimin (\u00fcr\u00fcn ve\/veya hizmet) korunmas\u0131 i\u015f sa\u011fl\u0131\u011f\u0131 ve g\u00fcvenli\u011finin ama\u00e7lar\u0131ndan biridir.<br><strong>3) \u0130\u015fletme g\u00fcvenli\u011fini sa\u011flamak:<\/strong>&nbsp;\u00c7al\u0131\u015fma ortamlar\u0131nda al\u0131nan tedbirlerle, i\u015fletmeyi tehlikeye sokabilecek yang\u0131n, patlama, makine ar\u0131zalar\u0131 ve devre d\u0131\u015f\u0131 kalmalar\u0131n ortadan kald\u0131r\u0131lmas\u0131 i\u015fletme g\u00fcvenli\u011fini sa\u011flayacakt\u0131r.<\/p>\n\n\n\n<p>Bir\u00e7ok kurulu\u015f, de\u011fi\u015fen yasalara uyum sa\u011flamak ve i\u015f g\u00fc\u00e7lerini korumak amac\u0131yla risk y\u00f6netimi stratejilerinin bir par\u00e7as\u0131 olarak bir \u0130\u015f Sa\u011fl\u0131\u011f\u0131 ve G\u00fcvenli\u011fi Y\u00f6netim Sistemi uygulamaktad\u0131r. Bu sistem, kurulu\u015flar\u0131n tutarl\u0131 bir \u015fekilde sa\u011fl\u0131k ve g\u00fcvenlik risklerini tan\u0131mlamas\u0131na ve denetlemesine, kaza risklerinin azaltmas\u0131na, yasalara uyuma yard\u0131mc\u0131 olmas\u0131na ve genel performans\u0131 art\u0131rmas\u0131na olanak sa\u011flayan bir \u00e7er\u00e7eve sunarak g\u00fcvenli ve sa\u011fl\u0131kl\u0131 bir \u00e7al\u0131\u015fma ortam\u0131n\u0131 te\u015fvik eder.<\/p>\n\n\n\n<p>ISO 45001, i\u015f sa\u011fl\u0131\u011f\u0131 ve g\u00fcvenli\u011fi konusundaki gereklilikleri belirlemesi ile birlikte ayr\u0131ca kalite ve \u00e7evre standartlar\u0131 ile uyumlu uluslararas\u0131 bir standartt\u0131r. Bu sebeple ISO 45001, di\u011fer y\u00f6netim sistemlerine rahatl\u0131kla entegre edilebilmektedir. ISO 45001, hem kurulu\u015flar\u0131n i\u015f sa\u011fl\u0131\u011f\u0131 ve g\u00fcvenli\u011fi ile ilgili yasal mevzuata uyumlu oldu\u011funu g\u00f6sterirken hem de i\u015f ortam\u0131n\u0131n s\u00fcrekli iyile\u015ftirilmesi sayesinde i\u015f yerindeki \u00fcretkenli\u011fi ve verimi artt\u0131rmaktad\u0131r. ISO 45001, kurulu\u015flar\u0131n \u00fcr\u00fcn ve hizmetlerinin g\u00fcvenli\u011finden \u00e7ok \u00e7al\u0131\u015fan\u0131n sa\u011fl\u0131\u011f\u0131na ve i\u015fin g\u00fcvenli\u011fine y\u00f6nelik bir standartt\u0131r.<\/p>\n\n\n\n<p><strong>Sonu\u00e7 olarak;<\/strong><\/p>\n\n\n\n<ul class=\"wp-block-list\">\n<li>ISO 45001, proaktif bir yakla\u015f\u0131mla, zararla sonu\u00e7lanabilecek olas\u0131 tehlikelerin \u00f6nceden tespitini ve gerekli \u00f6nlemlerin al\u0131nmas\u0131n\u0131 hedeflemektedir.<\/li>\n\n\n\n<li>ISO 45001 uygulamalar\u0131, genel olarak mevzuat y\u00fck\u00fcml\u00fcl\u00fcklerin kar\u015f\u0131lanmas\u0131 ile paralellik g\u00f6sterir.<\/li>\n\n\n\n<li>Sekt\u00f6r ve \u00f6l\u00e7ek g\u00f6zetmeksizin her i\u015fletmeye uygulanabilen ve g\u00f6n\u00fcll\u00fck esas\u0131na dayal\u0131 bir y\u00f6netim sistemidir.<\/li>\n<\/ul>\n\n\n\n<p><strong>ISO 45001 \u0130\u015f Sa\u011fl\u0131\u011f\u0131 ve G\u00fcvenli\u011fi Y\u00f6netim Sistemi&#8217;nin Faydalar\u0131 Nelerdir?<\/strong><\/p>\n\n\n\n<ul class=\"wp-block-list\">\n<li>\u0130\u015f yerlerinde \u00f6l\u00fcme, hastal\u0131\u011fa, yaralanmaya, hasara ve di\u011fer kay\u0131plara sebebiyet veren istenmeyen olaylar\u0131n b\u00fcy\u00fck \u00f6l\u00e7\u00fcde engellenmesini sa\u011flar.<\/li>\n\n\n\n<li>\u0130\u015f sa\u011fl\u0131\u011f\u0131 ve g\u00fcvenli\u011fi \u00e7al\u0131\u015fmalar\u0131n\u0131 di\u011fer faaliyetlere entegre ederek kaynaklar\u0131n korunmas\u0131n\u0131 sa\u011flar.<\/li>\n\n\n\n<li>Sa\u011fl\u0131k ve g\u00fcvenlik konular\u0131na verilen \u00f6nemi dolay\u0131s\u0131yla y\u00f6netimin taahh\u00fcd\u00fcn\u00fcn sa\u011fland\u0131\u011f\u0131n\u0131 g\u00f6sterir.<\/li>\n\n\n\n<li>Kurumun itibar\u0131n\u0131 artt\u0131rarak kamu g\u00f6z\u00fcnde g\u00fcvenilir firma imaj\u0131 kazand\u0131r\u0131r.<\/li>\n\n\n\n<li>\u00c7al\u0131\u015fanlar\u0131n motivasyonunu ve kat\u0131l\u0131m\u0131n\u0131 artt\u0131r\u0131r, kuruma g\u00fcven duymalar\u0131n\u0131 sa\u011flar, kurulu\u015f de\u011ferlerine ba\u011fl\u0131l\u0131\u011fa katk\u0131da bulunur.<\/li>\n\n\n\n<li>\u0130\u015f sa\u011fl\u0131\u011f\u0131 ve g\u00fcvenli\u011fi ile ilgili ulusal ve uluslararas\u0131 \u015fartlara ve yasalara uygunlu\u011fu g\u00f6sterir.<\/li>\n\n\n\n<li>\u0130\u015f sa\u011fl\u0131\u011f\u0131 ve g\u00fcvenli\u011fi faaliyetlerinin kurulu\u015f i\u00e7erisinde sistematik olarak yay\u0131l\u0131m\u0131n\u0131 sa\u011flar.<\/li>\n\n\n\n<li>Meslek hastal\u0131klar\u0131 ve kaza say\u0131s\u0131nda potansiyel d\u00fc\u015f\u00fc\u015f sa\u011flar, i\u015f g\u00fcc\u00fc kayb\u0131n\u0131 \u00f6nler.<\/li>\n\n\n\n<li>Ar\u0131za s\u00fcresi ve bunun yol a\u00e7t\u0131\u011f\u0131 maliyetlerde potansiyel d\u00fc\u015f\u00fc\u015fe sebep olur.<\/li>\n\n\n\n<li>Hem bug\u00fcn hem de gelecekte sa\u011fl\u0131k ve g\u00fcvenlik risklerinin daha iyi y\u00f6netilmesine imkan sa\u011flar.<\/li>\n\n\n\n<li>\u0130\u015f sa\u011fl\u0131\u011f\u0131 g\u00fcvence alt\u0131na al\u0131n\u0131rken, m\u00fc\u015fteri taleplerine uygun \u00fcr\u00fcnlerin s\u00fcreklili\u011fi sa\u011flanarak m\u00fc\u015fteri memnuniyetine ve sadakatine katk\u0131da bulunur.<\/li>\n\n\n\n<li>Risk y\u00f6netimi ile muhtemel i\u015f kazalar\u0131n\u0131 kontrol alt\u0131na al\u0131r. \u00d6nlem uygulamalar\u0131n\u0131n a\u00e7\u0131k bir bi\u00e7imde tan\u0131mlanmas\u0131n\u0131 ve bu faaliyetlerin y\u00fcr\u00fct\u00fclmesini sa\u011flar. Bunun sonucunda kazalar \u00f6nlenmi\u015f olur.<\/li>\n\n\n\n<li>Kazalar ve hastal\u0131klar nedeni ile \u00fcretimin durmas\u0131n\u0131, yava\u015flamas\u0131n\u0131 \u00f6nleyerek, telafi giderlerinin ceza ve tazminatlar\u0131n azalt\u0131lmas\u0131n\u0131 sa\u011flar, i\u015fletme maliyetlerini d\u00fc\u015f\u00fcr\u00fcr.<\/li>\n\n\n\n<li>Kurulu\u015fun sayg\u0131nl\u0131\u011f\u0131n\u0131n artt\u0131r\u0131lmas\u0131 suretiyle rekabette avantaj sa\u011flar.<\/li>\n\n\n\n<li>\u00c7al\u0131\u015fma ortamlar\u0131nda al\u0131nan tedbirlerle, i\u015fletmeyi tehlikeye sokabilecek yang\u0131n, patlama, makine ar\u0131zalar\u0131 vb. durumlar\u0131n ortadan kald\u0131r\u0131lmas\u0131 neticesinde i\u015fletme g\u00fcvenli\u011fini sa\u011flar ve g\u00fcvenlik k\u00fclt\u00fcr\u00fcn\u00fc g\u00fc\u00e7lendirir.<\/li>\n\n\n\n<li>\u0130\u015f kazalar\u0131 ve meslek hastal\u0131klar\u0131 sebebiyle olu\u015fabilecek i\u015f ve i\u015f g\u00fcc\u00fc kay\u0131plar\u0131n\u0131 en aza indirerek, i\u015f veriminde art\u0131\u015f\u0131 ve maliyetlerin d\u00fc\u015f\u00fcr\u00fclmesini sa\u011flar.<\/li>\n\n\n\n<li>Resmi makamlar \u00f6n\u00fcnde, kurulu\u015fun i\u015f g\u00fcvenli\u011fine olan duyarl\u0131l\u0131\u011f\u0131n\u0131 kan\u0131tlar.<\/li>\n\n\n\n<li>Di\u011fer y\u00f6netim sistemi standartlar\u0131na entegre bir sistem kurulabilmesi avantaj\u0131 ile dok\u00fcman, \u00e7aba, sistem tasarrufu sa\u011flar.<\/li>\n<\/ul>\n\n\n\n<p><strong>ISO 45001 Standard\u0131&#8217;n\u0131 Kimler Kullanabilir\/Uygulayabilir?<\/strong><br>ISO 45001 \u0130\u015f Sa\u011fl\u0131\u011f\u0131 ve G\u00fcvenli\u011fi Y\u00f6netim Sistemi Standard\u0131, i\u015f yerinde \u00e7al\u0131\u015fanlar, m\u00fc\u015fteriler ve halk i\u00e7in sa\u011fl\u0131k ve g\u00fcvenlikle ilgili riskleri azaltmak, ortadan kald\u0131rmak veya en aza indirmek \u00fczere resmi bir prosed\u00fcr uygulamay\u0131 isteyen her kurulu\u015f taraf\u0131ndan benimsenebilir. Genel bir standart oldu\u011fundan her boyuttaki ve sekt\u00f6rdeki kurulu\u015fun ihtiya\u00e7lar\u0131na cevap verebilir.<\/p>\n","protected":false},"excerpt":{"rendered":"<p>M\u00fc\u015fterilerin ve t\u00fcketicilerin, \u00fcr\u00fcn ve hizmet almakta olduklar\u0131 kurulu\u015flardan olan beklentileri giderek art\u0131\u015f g\u00f6stermektedir. Art\u0131k sadece kaliteli \u00fcr\u00fcn veya hizmet sunmak yetmemekte, bunun yan\u0131 s\u0131ra kurulu\u015flardan sosyal sorumluluklar\u0131n\u0131 da yerine getirmeleri beklenmektedir. Bu beklentiler, klasik &#8220;kalite&#8221; tan\u0131mlar\u0131n\u0131n da ge\u00e7erlili\u011fini yitirmesine sebep olmu\u015f; tan\u0131mlarda, i\u015f sa\u011fl\u0131\u011f\u0131 ve g\u00fcvenli\u011fi ile ilgili ifadeler ge\u00e7meye ba\u015flam\u0131\u015f ve tan\u0131m, sosyal&hellip;&nbsp;<a href=\"https:\/\/qdata.com.tr\/index.php\/hizmetlerimiz\/iso-45001-is-sagligi-ve-guvenligi-yonetim-sistemi\/\" rel=\"bookmark\">Daha fazlas\u0131n\u0131 oku &raquo;<span class=\"screen-reader-text\">ISO 45001 \u0130\u015f Sa\u011fl\u0131\u011f\u0131 ve G\u00fcvenli\u011fi Y\u00f6netim Sistemi<\/span><\/a><\/p>\n","protected":false},"author":1,"featured_media":290,"parent":695,"menu_order":2,"comment_status":"closed","ping_status":"closed","template":"","meta":{"neve_meta_sidebar":"","neve_meta_container":"contained","neve_meta_enable_content_width":"","neve_meta_content_width":0,"neve_meta_title_alignment":"","neve_meta_author_avatar":"","neve_post_elements_order":"","neve_meta_disable_header":"","neve_meta_disable_footer":"","neve_meta_disable_title":"","footnotes":""},"class_list":["post-185","page","type-page","status-publish","has-post-thumbnail","hentry"],"_links":{"self":[{"href":"https:\/\/qdata.com.tr\/index.php\/wp-json\/wp\/v2\/pages\/185","targetHints":{"allow":["GET"]}}],"collection":[{"href":"https:\/\/qdata.com.tr\/index.php\/wp-json\/wp\/v2\/pages"}],"about":[{"href":"https:\/\/qdata.com.tr\/index.php\/wp-json\/wp\/v2\/types\/page"}],"author":[{"embeddable":true,"href":"https:\/\/qdata.com.tr\/index.php\/wp-json\/wp\/v2\/users\/1"}],"replies":[{"embeddable":true,"href":"https:\/\/qdata.com.tr\/index.php\/wp-json\/wp\/v2\/comments?post=185"}],"version-history":[{"count":0,"href":"https:\/\/qdata.com.tr\/index.php\/wp-json\/wp\/v2\/pages\/185\/revisions"}],"up":[{"embeddable":true,"href":"https:\/\/qdata.com.tr\/index.php\/wp-json\/wp\/v2\/pages\/695"}],"wp:featuredmedia":[{"embeddable":true,"href":"https:\/\/qdata.com.tr\/index.php\/wp-json\/"}],"wp:attachment":[{"href":"https:\/\/qdata.com.tr\/index.php\/wp-json\/wp\/v2\/media?parent=185"}],"curies":[{"name":"wp","href":"https:\/\/api.w.org\/{rel}","templated":true}]}}