{"id":167,"date":"2021-03-04T13:09:25","date_gmt":"2021-03-04T10:09:25","guid":{"rendered":"https:\/\/www.eacert.com.tr\/?page_id=167"},"modified":"2021-03-04T13:09:25","modified_gmt":"2021-03-04T10:09:25","slug":"fscc-22000-gida-guvenligi-yonetim-sistemi","status":"publish","type":"page","link":"https:\/\/qdata.com.tr\/index.php\/akreditasyonlar-2\/fscc-22000-gida-guvenligi-yonetim-sistemi\/","title":{"rendered":"FSSC 22000 G\u0131da G\u00fcvenli\u011fi Y\u00f6netim Sistemi"},"content":{"rendered":"\n<div style=\"height:50px\" aria-hidden=\"true\" class=\"wp-block-spacer\"><\/div>\n\n\n\n<p>Qdata Sertifikasyon\u2019 un FSSC 22000 g\u0131da g\u00fcvenli\u011fi belgelendirme hizmetleri, i\u015fletmenizin g\u0131da \u00fcr\u00fcnlerini g\u00fcvenle satabilmenizi sa\u011flar.<\/p>\n\n\n\n<p>FSSC 22000, K\u00fcresel G\u0131da G\u00fcvenli\u011fi Giri\u015fimi (GFSI) onayl\u0131 bir g\u0131da g\u00fcvenli\u011fi standard\u0131d\u0131r. FSSC 22000; geni\u015f \u00e7apl\u0131 kabul g\u00f6ren G\u0131da Y\u00f6netimi Sistemi Standard\u0131 ISO 22000, sekt\u00f6re \u00f6zel \u00d6n Gereksinim Program\u0131 (PRP) ve FSSC\u2019nin belirledi\u011fi ek gereklilikler temelinde geli\u015ftirilmi\u015ftir. FSSC 22000\u2019e y\u00f6nelik olarak sundu\u011fumuz \u00e7e\u015fitli tetkik ve belgelendirme hizmetlerimiz ile GFSI\u2019nin gerekliliklerine ve ilgili g\u0131da g\u00fcvenli\u011fi belgelendirme standartlar\u0131na uygunluk sa\u011flaman\u0131zda \u015firketinize destek olabiliriz.<\/p>\n\n\n\n<p><strong>QDATA SERT\u0130F\u0130KASYON\u2019UN FSSC 22000 GIDA G\u00dcVENL\u0130\u011e\u0130 S\u0130STEMLER\u0130 BELGELEND\u0130RME H\u0130ZMETLER\u0130N\u0130 NEDEN TERC\u0130H ETMEL\u0130S\u0130N\u0130Z?<\/strong><\/p>\n\n\n\n<p>Size destek olabilece\u011fimiz konular:<\/p>\n\n\n\n<p>Tetkiklerin say\u0131s\u0131n\u0131 azalt\u0131n:&nbsp;FSSC 22000 standard\u0131 ISO temelinde geli\u015ftirilmi\u015f oldu\u011fu i\u00e7in, ilgili di\u011fer ISO standartlar\u0131na da entegre edilebilir.&nbsp; Bu sayede size sunabildi\u011fimiz entegre tetkikler ile, uygulanmas\u0131 gereken tetkiklerin say\u0131s\u0131n\u0131 azaltabiliriz.<\/p>\n\n\n\n<p>FSSC 22000 g\u0131da g\u00fcvenli\u011fi belgenizi al\u0131n:&nbsp;FSSC 22000 giri\u015fimin gereklilikleri y\u00f6n\u00fcnde sizi belgelendirebiliriz<\/p>\n\n\n\n<p>Pazar\u0131n\u0131z\u0131 geni\u015fletin:&nbsp;GFSI taraf\u0131ndan tam olarak tan\u0131nan ve onaylanan FSSC 22000, en b\u00fcy\u00fck markalar ve perakendeciler taraf\u0131ndan kabul edilmektedir<\/p>\n\n\n\n<p><\/p>\n\n\n\n<p><strong>ZATEN B\u0130R ISO 22000 BELGEN\u0130Z VAR MI?<\/strong><\/p>\n\n\n\n<p>E\u011fer ISO 22000 belgesine sahip bir g\u0131da \u015firketiyseniz, sekt\u00f6r\u00fcn\u00fcze y\u00f6nelik FSSC ve PRP standartlar\u0131n\u0131n ek gerekliliklerini uygulayarak FSSC 22000\u2019e rahat\u00e7a ge\u00e7menizde size destek olabiliriz. Yeni FSSC belgenizi kazand\u0131racak bu ge\u00e7i\u015f, \u00fc\u00e7 y\u0131ll\u0131k s\u00fcreniz i\u00e7inde yap\u0131lacak herhangi bir tetkik ile sa\u011flanabilir.<\/p>\n\n\n\n<p><strong>FSSC 22000\u2019YE UYGUN GIDA G\u00dcVENL\u0130\u011e\u0130 S\u0130STEMLER\u0130 \u0130\u00c7\u0130N D\u00dcNYA L\u0130DER\u0130 B\u0130R H\u0130ZMET SA\u011eLAYICISINDAN G\u00dcVEN\u0130L\u0130R BELGELEND\u0130RME VE TETK\u0130K H\u0130ZMETLER\u0130<\/strong><\/p>\n\n\n\n<p>FSSC belgelendirme hizmetleri veren d\u00fcnyan\u0131n en b\u00fcy\u00fck \u015firketi olarak, sekt\u00f6r\u00fc yak\u0131ndan bilen, deneyimli ve uzman denet\u00e7ilerden olu\u015fan kapsaml\u0131 a\u011f\u0131m\u0131z ile size birinci s\u0131n\u0131f hizmet verebiliriz.<\/p>\n\n\n\n<p>Ayr\u0131ca, FSSC 22000 ile ilgili seminer hizmetleri de vermekteyiz. &nbsp; \u0130ster daha \u00fcst bir sertifikaya ge\u00e7mek isteyen ISO 22000 belgeli bir \u015firket, ister ilk kez belge alacak bir \u015firket olun; sertifikan\u0131z\u0131 alabilmeniz i\u00e7in gerekli uzmanl\u0131k ve bilgiler ile sizi donatabiliriz.<\/p>\n\n\n\n<p><strong>FSSC 22000 NE T\u00dcR KURULU\u015eLAR \u0130\u00c7\u0130ND\u0130R?<\/strong><\/p>\n\n\n\n<p>FSSC 22000, g\u0131da ve yem tedarik zincirinde her b\u00fcy\u00fckl\u00fckte ve yap\u0131da olan kurulu\u015fa uygulanabilir. Buna t\u00fcm g\u0131da ve i\u00e7ecek t\u00fcrlerinin imalat\u00e7\u0131lar\u0131, bile\u015fen ve katk\u0131 maddesi imalat\u00e7\u0131lar\u0131, ev ve \u00e7iftlik hayvanlar\u0131 i\u00e7in yem imalat\u00e7\u0131lar\u0131 ve ambalaj imalat\u00e7\u0131lar\u0131 dahildir.&nbsp;<\/p>\n\n\n\n<p>FSSC standard\u0131, ayr\u0131ca nakliye ve depolama, perakendecilik ve catering hizmetleri veren i\u015fletmeleri de kapsayacak \u015fekilde geni\u015fletilmi\u015ftir.<\/p>\n\n\n\n<p>FSSC 22000 g\u0131da g\u00fcvenli\u011fi sistemleri y\u00f6n\u00fcnde belgelendirme ve tetkik hizmetleri alabilmenizin \u015fartlar\u0131n\u0131 \u00f6\u011frenmek i\u00e7in bizimle bug\u00fcn ileti\u015fime ge\u00e7in.<\/p>\n\n\n\n<p>Qdata Sertifikasyon, FSSC 22000 Konusunda T\u00dcRKAK ve IAS akrediteli belgelendirme yapan bir kurulu\u015ftur.<\/p>\n","protected":false},"excerpt":{"rendered":"<p>Qdata Sertifikasyon\u2019 un FSSC 22000 g\u0131da g\u00fcvenli\u011fi belgelendirme hizmetleri, i\u015fletmenizin g\u0131da \u00fcr\u00fcnlerini g\u00fcvenle satabilmenizi sa\u011flar. FSSC 22000, K\u00fcresel G\u0131da G\u00fcvenli\u011fi Giri\u015fimi (GFSI) onayl\u0131 bir g\u0131da g\u00fcvenli\u011fi standard\u0131d\u0131r. FSSC 22000; geni\u015f \u00e7apl\u0131 kabul g\u00f6ren G\u0131da Y\u00f6netimi Sistemi Standard\u0131 ISO 22000, sekt\u00f6re \u00f6zel \u00d6n Gereksinim Program\u0131 (PRP) ve FSSC\u2019nin belirledi\u011fi ek gereklilikler temelinde geli\u015ftirilmi\u015ftir. FSSC 22000\u2019e y\u00f6nelik&hellip;&nbsp;<a href=\"https:\/\/qdata.com.tr\/index.php\/akreditasyonlar-2\/fscc-22000-gida-guvenligi-yonetim-sistemi\/\" rel=\"bookmark\">Daha fazlas\u0131n\u0131 oku &raquo;<span class=\"screen-reader-text\">FSSC 22000 G\u0131da G\u00fcvenli\u011fi Y\u00f6netim Sistemi<\/span><\/a><\/p>\n","protected":false},"author":1,"featured_media":277,"parent":690,"menu_order":5,"comment_status":"closed","ping_status":"closed","template":"","meta":{"neve_meta_sidebar":"","neve_meta_container":"contained","neve_meta_enable_content_width":"","neve_meta_content_width":0,"neve_meta_title_alignment":"","neve_meta_author_avatar":"","neve_post_elements_order":"","neve_meta_disable_header":"","neve_meta_disable_footer":"","neve_meta_disable_title":"","footnotes":""},"class_list":["post-167","page","type-page","status-publish","has-post-thumbnail","hentry"],"_links":{"self":[{"href":"https:\/\/qdata.com.tr\/index.php\/wp-json\/wp\/v2\/pages\/167","targetHints":{"allow":["GET"]}}],"collection":[{"href":"https:\/\/qdata.com.tr\/index.php\/wp-json\/wp\/v2\/pages"}],"about":[{"href":"https:\/\/qdata.com.tr\/index.php\/wp-json\/wp\/v2\/types\/page"}],"author":[{"embeddable":true,"href":"https:\/\/qdata.com.tr\/index.php\/wp-json\/wp\/v2\/users\/1"}],"replies":[{"embeddable":true,"href":"https:\/\/qdata.com.tr\/index.php\/wp-json\/wp\/v2\/comments?post=167"}],"version-history":[{"count":0,"href":"https:\/\/qdata.com.tr\/index.php\/wp-json\/wp\/v2\/pages\/167\/revisions"}],"up":[{"embeddable":true,"href":"https:\/\/qdata.com.tr\/index.php\/wp-json\/wp\/v2\/pages\/690"}],"wp:featuredmedia":[{"embeddable":true,"href":"https:\/\/qdata.com.tr\/index.php\/wp-json\/"}],"wp:attachment":[{"href":"https:\/\/qdata.com.tr\/index.php\/wp-json\/wp\/v2\/media?parent=167"}],"curies":[{"name":"wp","href":"https:\/\/api.w.org\/{rel}","templated":true}]}}