{"id":14,"date":"2021-11-08T11:21:58","date_gmt":"2021-11-08T08:21:58","guid":{"rendered":"https:\/\/qdata.com.tr\/?page_id=14"},"modified":"2022-11-07T22:21:23","modified_gmt":"2022-11-07T19:21:23","slug":"belgelendirme","status":"publish","type":"page","link":"https:\/\/qdata.com.tr\/index.php\/belgelendirme\/","title":{"rendered":"Belgelendirme"},"content":{"rendered":"\n<div class=\"wp-block-cover alignfull\" style=\"min-height:600px;aspect-ratio:unset;\"><span aria-hidden=\"true\" class=\"wp-block-cover__background has-nv-light-bg-background-color has-background-dim-100 has-background-dim\"><\/span><div class=\"wp-block-cover__inner-container is-layout-flow wp-block-cover-is-layout-flow\">\n<div class=\"wp-block-group\"><div class=\"wp-block-group__inner-container is-layout-flow wp-block-group-is-layout-flow\">\n<div style=\"height:80px\" aria-hidden=\"true\" class=\"wp-block-spacer\"><\/div>\n\n\n\n<div class=\"wp-block-columns are-vertically-aligned-center is-layout-flex wp-container-core-columns-is-layout-9d6595d7 wp-block-columns-is-layout-flex\">\n<div class=\"wp-block-column is-vertically-aligned-center is-layout-flow wp-block-column-is-layout-flow\" style=\"flex-basis:50%\">\n<figure class=\"wp-block-image\"><img decoding=\"async\" src=\"https:\/\/qdata.com.tr\/wp-content\/themes\/neve\/assets\/img\/starter-content\/card-05.jpg\" alt=\"\"\/><\/figure>\n\n\n\n<h3 class=\"has-text-align-center has-neve-text-color-color has-text-color wp-block-heading\">ISO9001 Kalite Y\u00f6netim Sistemi<\/h3>\n\n\n\n<p class=\"has-text-align-center has-neve-text-color-color has-text-color\">ISO 9001 Kalite Y\u00f6netim Sistemi, Uluslararas\u0131 Standart Organizasyonu\u2019nun (ISO) kalite y\u00f6netim sistemi i\u00e7in yazd\u0131\u011f\u0131, m\u00fc\u015fteri memnuniyetinin artt\u0131r\u0131lmas\u0131na y\u00f6nelik olarak olu\u015fturulmu\u015f bir standartt\u0131r. D\u00fcnyada en \u00e7ok kullan\u0131lan y\u00f6netim sistemi standard\u0131 ISO 9001 Kalite Y\u00f6netim Sistemi\u2019dir.<\/p>\n\n\n\n<div class=\"wp-block-buttons is-horizontal is-content-justification-center is-layout-flex wp-container-core-buttons-is-layout-499968f5 wp-block-buttons-is-layout-flex\">\n<div class=\"wp-block-button is-style-primary\"><a class=\"wp-block-button__link wp-element-button\" href=\"https:\/\/qdata.com.tr\/index.php\/akreditasyonlar-2\/iso-9001-kalite-yonetim-sistemi\/\">Belgelendirme Detay\u0131<\/a><\/div>\n<\/div>\n\n\n\n<div style=\"height:40px\" aria-hidden=\"true\" class=\"wp-block-spacer\"><\/div>\n<\/div>\n\n\n\n<div class=\"wp-block-column is-vertically-aligned-center is-layout-flow wp-block-column-is-layout-flow\" style=\"flex-basis:50%\">\n<figure class=\"wp-block-image\"><img decoding=\"async\" src=\"https:\/\/qdata.com.tr\/wp-content\/themes\/neve\/assets\/img\/starter-content\/card-01.jpg\" alt=\"\"\/><\/figure>\n\n\n\n<h3 class=\"has-text-align-center has-neve-text-color-color has-text-color wp-block-heading\">ISO27001 Bilgi G\u00fcvenli\u011fi Y\u00f6netim Sistemi<\/h3>\n\n\n\n<p class=\"has-text-align-center has-neve-text-color-color has-text-color\">ISO 27001 Bilgi G\u00fcvenli\u011fi Y\u00f6netim Sistemi, ISO (Uluslararas\u0131 Standart Organizasyonu) nun Bilgi G\u00fcvenli\u011fi y\u00f6netim sistemi i\u00e7in yazd\u0131\u011f\u0131 bir standartt\u0131r. ISO 27001 Bilgi G\u00fcvenli\u011fi Y\u00f6netim sistemi standard\u0131, faaliyet g\u00f6sterilen sekt\u00f6re ve kurulu\u015fun b\u00fcy\u00fckl\u00fc\u011f\u00fcne bak\u0131lmaks\u0131z\u0131n her boyutta kurulu\u015f i\u00e7in uygulanabilir niteliktedir.<\/p>\n\n\n\n<div class=\"wp-block-buttons is-horizontal is-content-justification-center is-layout-flex wp-container-core-buttons-is-layout-499968f5 wp-block-buttons-is-layout-flex\">\n<div class=\"wp-block-button is-style-primary\"><a class=\"wp-block-button__link wp-element-button\" href=\"https:\/\/qdata.com.tr\/index.php\/akreditasyonlar-2\/iso-27001-bilgi-guvenligi-yonetim-sistemi\/\">Belgelendirme Detay\u0131<\/a><\/div>\n<\/div>\n\n\n\n<div style=\"height:40px\" aria-hidden=\"true\" class=\"wp-block-spacer\"><\/div>\n<\/div>\n<\/div>\n\n\n\n<div style=\"height:40px\" aria-hidden=\"true\" class=\"wp-block-spacer\"><\/div>\n<\/div><\/div>\n<\/div><\/div>\n\n\n\n<div class=\"wp-block-cover alignfull\" style=\"min-height:600px;aspect-ratio:unset;\"><span aria-hidden=\"true\" class=\"wp-block-cover__background has-nv-site-bg-background-color has-background-dim-100 has-background-dim\"><\/span><div class=\"wp-block-cover__inner-container is-layout-flow wp-block-cover-is-layout-flow\">\n<div class=\"wp-block-group\"><div class=\"wp-block-group__inner-container is-layout-flow wp-block-group-is-layout-flow\">\n<div style=\"height:80px\" aria-hidden=\"true\" class=\"wp-block-spacer\"><\/div>\n\n\n\n<div class=\"wp-block-columns are-vertically-aligned-center is-layout-flex wp-container-core-columns-is-layout-9d6595d7 wp-block-columns-is-layout-flex\">\n<div class=\"wp-block-column is-vertically-aligned-center is-layout-flow wp-block-column-is-layout-flow\" style=\"flex-basis:50%\">\n<figure class=\"wp-block-image\"><img decoding=\"async\" src=\"https:\/\/qdata.com.tr\/wp-content\/themes\/neve\/assets\/img\/starter-content\/card-06.jpg\" alt=\"\"\/><\/figure>\n\n\n\n<h3 class=\"has-text-align-center has-neve-text-color-color has-text-color wp-block-heading\">ISO 20000-1 Bilgi Teknolojileri<br>Hizmet Y\u00f6netim Sistemi<\/h3>\n\n\n\n<p class=\"has-text-align-center has-neve-text-color-color has-text-color\">ISO 20000-1 Bilgi Teknolojileri Hizmet Y\u00f6netim Sistemi, ISO (Uluslararas\u0131 Standart Organizasyonu) nun Bilgi Teknolojileri Hizmet Y\u00f6netim Sistemi i\u00e7in yazd\u0131\u011f\u0131 bir standartt\u0131r. ISO 20000-1 Bilgi Teknolojileri Hizmet Y\u00f6netim Sistemi standard\u0131, faaliyet<br>g\u00f6sterilen sekt\u00f6re ve kurulu\u015fun b\u00fcy\u00fckl\u00fc\u011f\u00fcne bak\u0131lmaks\u0131z\u0131n her boyutta kurulu\u015f i\u00e7in uygulanabilir niteliktedir.<\/p>\n\n\n\n<div class=\"wp-block-buttons is-horizontal is-content-justification-center is-layout-flex wp-container-core-buttons-is-layout-499968f5 wp-block-buttons-is-layout-flex\">\n<div class=\"wp-block-button is-style-primary\"><a class=\"wp-block-button__link wp-element-button\" href=\"https:\/\/qdata.com.tr\/index.php\/hizmetlerimiz\/iso-20000-1-bilgi-teknolojileri-hizmet-yonetim-sistemi\/\">Belgelendirme Detay\u0131<\/a><\/div>\n<\/div>\n\n\n\n<div style=\"height:40px\" aria-hidden=\"true\" class=\"wp-block-spacer\"><\/div>\n<\/div>\n\n\n\n<div class=\"wp-block-column is-vertically-aligned-center is-layout-flow wp-block-column-is-layout-flow\" style=\"flex-basis:50%\">\n<figure class=\"wp-block-image\"><img decoding=\"async\" src=\"https:\/\/qdata.com.tr\/wp-content\/themes\/neve\/assets\/img\/starter-content\/card-04.jpg\" alt=\"\"\/><\/figure>\n\n\n\n<h3 class=\"has-text-align-center has-neve-text-color-color has-text-color wp-block-heading\">ISO 27701 Ki\u015fisel Verilerin Y\u00f6netim Sistemi<\/h3>\n\n\n\n<p class=\"has-text-align-center has-neve-text-color-color has-text-color\">ISO\/IEC 27001 ve ISO\/IEC 27002\u2019nin gizlilik uzant\u0131s\u0131 olan verinin korunmas\u0131 ve g\u00fcvenli\u011finin sa\u011flanmas\u0131n\u0131 ama\u00e7layan uluslararas\u0131 bir yakla\u015f\u0131m sunmay\u0131 ve rehberlik edebilmesi i\u00e7in (ISO) ve (IEC) taraf\u0131ndan geli\u015ftirilmi\u015ftir.<\/p>\n\n\n\n<div class=\"wp-block-buttons is-horizontal is-content-justification-center is-layout-flex wp-container-core-buttons-is-layout-499968f5 wp-block-buttons-is-layout-flex\">\n<div class=\"wp-block-button is-style-primary\"><a class=\"wp-block-button__link wp-element-button\" href=\"https:\/\/qdata.com.tr\/index.php\/duyurular\/iso-27701-kisisel-verilerin-yonetim-sistemi\/\">Belgelendirme Detay\u0131<\/a><\/div>\n<\/div>\n\n\n\n<div style=\"height:40px\" aria-hidden=\"true\" class=\"wp-block-spacer\"><\/div>\n<\/div>\n\n\n\n<div class=\"wp-block-column is-vertically-aligned-center is-layout-flow wp-block-column-is-layout-flow\" style=\"flex-basis:50%\">\n<figure class=\"wp-block-image\"><img decoding=\"async\" src=\"https:\/\/qdata.com.tr\/wp-content\/themes\/neve\/assets\/img\/starter-content\/card-04.jpg\" alt=\"\"\/><\/figure>\n\n\n\n<h3 class=\"has-text-align-center has-neve-text-color-color has-text-color wp-block-heading\">ISO 22301 \u0130\u015f S\u00fcreklili\u011fi Y\u00f6netim Sistemi<\/h3>\n\n\n\n<p class=\"has-text-align-center has-neve-text-color-color has-text-color\">ISO 22301 \u0130\u015f S\u00fcreklili\u011fi Y\u00f6netim Sistemi, ISO (Uluslararas\u0131 Standart Organizasyonu) nun Toplumsal G\u00fcvenlik ve \u0130\u015f S\u00fcreklili\u011fi Y\u00f6netim Sistemi i\u00e7in yazd\u0131\u011f\u0131 bir standartt\u0131r. ISO 22301 Toplumsal G\u00fcvenlik ve \u0130\u015f S\u00fcreklili\u011fi Y\u00f6netim Sistemi standard\u0131, faaliyet g\u00f6sterilen sekt\u00f6re ve kurulu\u015fun b\u00fcy\u00fckl\u00fc\u011f\u00fcne bak\u0131lmaks\u0131z\u0131n her boyutta kurulu\u015f i\u00e7in uygulanabilir niteliktedir.<\/p>\n\n\n\n<div class=\"wp-block-buttons is-horizontal is-content-justification-center is-layout-flex wp-container-core-buttons-is-layout-499968f5 wp-block-buttons-is-layout-flex\">\n<div class=\"wp-block-button is-style-primary\"><a class=\"wp-block-button__link wp-element-button\" href=\"https:\/\/qdata.com.tr\/index.php\/hizmetlerimiz\/iso-22301-toplumsal-guvenlik-ve-is-surekliligi-yonetim-sistemi\/\">Belgelendirme Detay\u0131<\/a><\/div>\n<\/div>\n\n\n\n<div style=\"height:40px\" aria-hidden=\"true\" class=\"wp-block-spacer\"><\/div>\n<\/div>\n<\/div>\n\n\n\n<div class=\"wp-block-columns are-vertically-aligned-center is-layout-flex wp-container-core-columns-is-layout-9d6595d7 wp-block-columns-is-layout-flex\">\n<div class=\"wp-block-column is-vertically-aligned-center is-layout-flow wp-block-column-is-layout-flow\" style=\"flex-basis:50%\">\n<figure class=\"wp-block-image\"><img decoding=\"async\" src=\"https:\/\/qdata.com.tr\/wp-content\/themes\/neve\/assets\/img\/starter-content\/card-06.jpg\" alt=\"\"\/><\/figure>\n\n\n\n<h3 class=\"has-text-align-center has-neve-text-color-color has-text-color wp-block-heading\">ISO 14001 \u00c7evre Y\u00f6netim Sistemi<\/h3>\n\n\n\n<p class=\"has-text-align-center has-neve-text-color-color has-text-color\">ISO 14001 \u00c7evre Y\u00f6netim Sistemi, ISO (Uluslararas\u0131 Standart Organizasyonu) nun \u00c7evre y\u00f6netim sistemi i\u00e7in yazd\u0131\u011f\u0131 bir standartt\u0131r. ISO 14001 \u00c7evre Y\u00f6netim sistemi standard\u0131, faaliyet g\u00f6sterilen sekt\u00f6re ve kurulu\u015fun b\u00fcy\u00fckl\u00fc\u011f\u00fcne bak\u0131lmaks\u0131z\u0131n her<br>boyutta kurulu\u015f i\u00e7in uygulanabilir niteliktedir.<\/p>\n\n\n\n<div class=\"wp-block-buttons is-horizontal is-content-justification-center is-layout-flex wp-container-core-buttons-is-layout-499968f5 wp-block-buttons-is-layout-flex\">\n<div class=\"wp-block-button is-style-primary\"><a class=\"wp-block-button__link wp-element-button\" href=\"https:\/\/qdata.com.tr\/index.php\/akreditasyonlar-2\/iso-14001-cevre-yonetim-sistemi\/\">Belgelendirme Detay\u0131<\/a><\/div>\n<\/div>\n\n\n\n<div style=\"height:40px\" aria-hidden=\"true\" class=\"wp-block-spacer\"><\/div>\n<\/div>\n\n\n\n<div class=\"wp-block-column is-vertically-aligned-center is-layout-flow wp-block-column-is-layout-flow\" style=\"flex-basis:50%\">\n<figure class=\"wp-block-image\"><img decoding=\"async\" src=\"https:\/\/qdata.com.tr\/wp-content\/themes\/neve\/assets\/img\/starter-content\/card-04.jpg\" alt=\"\"\/><\/figure>\n\n\n\n<h3 class=\"has-text-align-center has-neve-text-color-color has-text-color wp-block-heading\">ISO 22000 G\u0131da G\u00fcvenli\u011fi Y\u00f6netim Sistemi<\/h3>\n\n\n\n<p class=\"has-text-align-center has-neve-text-color-color has-text-color\">ISO 22000 G\u0131da G\u00fcvenli\u011fi Y\u00f6netim Sistemi; d\u00fcnya \u00e7ap\u0131nda g\u00fcvenli g\u0131da \u00fcretim zinciri olu\u015fturmak amac\u0131yla olu\u015fturulmu\u015f uluslararas\u0131 bir standartt\u0131r. Tedarik\u00e7iler, kullan\u0131c\u0131lar, yasal otoriteler, t\u00fcketiciler ve t\u00fcm ilgili birimler aras\u0131nda ileti\u015fimi ve bu sayede g\u00fcvenli g\u0131dan\u0131n her basamakta izlenebilirli\u011fini sa\u011flamay\u0131 esas almaktad\u0131r.&nbsp;<\/p>\n\n\n\n<div class=\"wp-block-buttons is-horizontal is-content-justification-center is-layout-flex wp-container-core-buttons-is-layout-499968f5 wp-block-buttons-is-layout-flex\">\n<div class=\"wp-block-button is-style-primary\"><a class=\"wp-block-button__link wp-element-button\" href=\"https:\/\/qdata.com.tr\/index.php\/akreditasyonlar-2\/iso-22000-gida-guvenligi-yonetim-sistemi\/\">Belgelendirme Detay\u0131<\/a><\/div>\n<\/div>\n\n\n\n<div style=\"height:40px\" aria-hidden=\"true\" class=\"wp-block-spacer\"><\/div>\n<\/div>\n<\/div>\n\n\n\n<div class=\"wp-block-columns are-vertically-aligned-center is-layout-flex wp-container-core-columns-is-layout-9d6595d7 wp-block-columns-is-layout-flex\">\n<div class=\"wp-block-column is-vertically-aligned-center is-layout-flow wp-block-column-is-layout-flow\" style=\"flex-basis:50%\">\n<figure class=\"wp-block-image\"><img decoding=\"async\" src=\"https:\/\/qdata.com.tr\/wp-content\/themes\/neve\/assets\/img\/starter-content\/card-06.jpg\" alt=\"\"\/><\/figure>\n\n\n\n<h3 class=\"has-text-align-center has-neve-text-color-color has-text-color wp-block-heading\">ISO 45001 \u0130\u015f Sa\u011fl\u0131\u011f\u0131 ve G\u00fcvenli\u011fi<br>Y\u00f6netim Sistemi<\/h3>\n\n\n\n<p class=\"has-text-align-center has-neve-text-color-color has-text-color\">ISO 45001 \u0130\u015f Sa\u011fl\u0131\u011f\u0131 ve G\u00fcvenli\u011fi Y\u00f6netim Sistemi, ISO (Uluslararas\u0131 Standart Organizasyonu) nun \u0130\u015f Sa\u011fl\u0131\u011f\u0131 ve G\u00fcvenli\u011fi Y\u00f6netim Sistemi i\u00e7in yazd\u0131\u011f\u0131 bir standartt\u0131r. ISO 45001 \u0130\u015f Sa\u011fl\u0131\u011f\u0131 ve G\u00fcvenli\u011fi Y\u00f6netim Sistemi standard\u0131, faaliyet g\u00f6sterilen sekt\u00f6re ve kurulu\u015fun b\u00fcy\u00fckl\u00fc\u011f\u00fcne bak\u0131lmaks\u0131z\u0131n her boyutta kurulu\u015f i\u00e7in uygulanabilir niteliktedir.<\/p>\n\n\n\n<div class=\"wp-block-buttons is-horizontal is-content-justification-center is-layout-flex wp-container-core-buttons-is-layout-499968f5 wp-block-buttons-is-layout-flex\">\n<div class=\"wp-block-button is-style-primary\"><a class=\"wp-block-button__link wp-element-button\" href=\"https:\/\/qdata.com.tr\/index.php\/hizmetlerimiz\/iso-45001-is-sagligi-ve-guvenligi-yonetim-sistemi\/\">Belgelendirme Detay\u0131<\/a><\/div>\n<\/div>\n\n\n\n<div style=\"height:40px\" aria-hidden=\"true\" class=\"wp-block-spacer\"><\/div>\n<\/div>\n\n\n\n<div class=\"wp-block-column is-vertically-aligned-center is-layout-flow wp-block-column-is-layout-flow\" style=\"flex-basis:50%\">\n<figure class=\"wp-block-image\"><img decoding=\"async\" src=\"https:\/\/qdata.com.tr\/wp-content\/themes\/neve\/assets\/img\/starter-content\/card-04.jpg\" alt=\"\"\/><\/figure>\n\n\n\n<h3 class=\"has-text-align-center has-neve-text-color-color has-text-color wp-block-heading\">ISO 10002 M\u00fc\u015fteri Memnuniyeti<br>Y\u00f6netim Sistemi<\/h3>\n\n\n\n<p class=\"has-text-align-center has-neve-text-color-color has-text-color\">ISO 10002 M\u00fc\u015fteri Memnuniyeti Y\u00f6netim Sistemi, ISO (Uluslararas\u0131 Standart Organizasyonu) nun M\u00fc\u015fteri Memnuniyeti Y\u00f6netim Sistemi i\u00e7in yazd\u0131\u011f\u0131 bir standartt\u0131r. ISO 10002 M\u00fc\u015fteri Memnuniyeti Y\u00f6netim Sistemi standard\u0131, faaliyet g\u00f6sterilen sekt\u00f6re ve kurulu\u015fun b\u00fcy\u00fckl\u00fc\u011f\u00fcne bak\u0131lmaks\u0131z\u0131n her boyutta kurulu\u015f i\u00e7in uygulanabilir niteliktedir.<\/p>\n\n\n\n<div class=\"wp-block-buttons is-horizontal is-content-justification-center is-layout-flex wp-container-core-buttons-is-layout-499968f5 wp-block-buttons-is-layout-flex\">\n<div class=\"wp-block-button is-style-primary\"><a class=\"wp-block-button__link wp-element-button\" href=\"https:\/\/qdata.com.tr\/index.php\/hizmetlerimiz\/iso-10002-musteri-memnuniyeti-yonetim-sistemi\/\">Belgelendirme Detay\u0131<\/a><\/div>\n<\/div>\n\n\n\n<div style=\"height:40px\" aria-hidden=\"true\" class=\"wp-block-spacer\"><\/div>\n<\/div>\n<\/div>\n\n\n\n<div class=\"wp-block-columns are-vertically-aligned-center is-layout-flex wp-container-core-columns-is-layout-9d6595d7 wp-block-columns-is-layout-flex\">\n<div class=\"wp-block-column is-vertically-aligned-center is-layout-flow wp-block-column-is-layout-flow\" style=\"flex-basis:50%\">\n<figure class=\"wp-block-image\"><img decoding=\"async\" src=\"https:\/\/qdata.com.tr\/wp-content\/themes\/neve\/assets\/img\/starter-content\/card-06.jpg\" alt=\"\"\/><\/figure>\n\n\n\n<h3 class=\"has-text-align-center has-neve-text-color-color has-text-color wp-block-heading\">ISO 50001 Enerji Y\u00f6netim Sistemi<\/h3>\n\n\n\n<p class=\"has-text-align-center has-neve-text-color-color has-text-color\">ISO 50001 Enerji Y\u00f6netim Sistemi, ISO (Uluslararas\u0131 Standart Organizasyonu) nun Enerji Y\u00f6netim Sistemi i\u00e7in yazd\u0131\u011f\u0131 bir standartt\u0131r. ISO 50001 Enerji Y\u00f6netim Sistemi standard\u0131, faaliyet g\u00f6sterilen sekt\u00f6re ve kurulu\u015fun b\u00fcy\u00fckl\u00fc\u011f\u00fcne bak\u0131lmaks\u0131z\u0131n her boyutta kurulu\u015f i\u00e7in uygulanabilir niteliktedir.<\/p>\n\n\n\n<div class=\"wp-block-buttons is-horizontal is-content-justification-center is-layout-flex wp-container-core-buttons-is-layout-499968f5 wp-block-buttons-is-layout-flex\">\n<div class=\"wp-block-button is-style-primary\"><a class=\"wp-block-button__link wp-element-button\" href=\"https:\/\/qdata.com.tr\/index.php\/hizmetlerimiz\/iso-50001-enerji-yonetim-sistemi\/\">Belgelendirme Detay\u0131<\/a><\/div>\n<\/div>\n\n\n\n<div style=\"height:40px\" aria-hidden=\"true\" class=\"wp-block-spacer\"><\/div>\n<\/div>\n\n\n\n<div class=\"wp-block-column is-vertically-aligned-center is-layout-flow wp-block-column-is-layout-flow\" style=\"flex-basis:50%\">\n<figure class=\"wp-block-image\"><img decoding=\"async\" src=\"https:\/\/qdata.com.tr\/wp-content\/themes\/neve\/assets\/img\/starter-content\/card-04.jpg\" alt=\"\"\/><\/figure>\n\n\n\n<h3 class=\"has-text-align-center has-neve-text-color-color has-text-color wp-block-heading\">ISO 37001 Yolsuzlukla M\u00fccadele<br>Y\u00f6netim Sistemi<\/h3>\n\n\n\n<p class=\"has-text-align-center has-neve-text-color-color has-text-color\">ISO 37001 Yolsuzlukla M\u00fccadele Y\u00f6netim Sistemi, ISO (Uluslararas\u0131 Standart Organizasyonu) nun Yolsuzlukla M\u00fccadele Y\u00f6netim Sistemi i\u00e7in yazd\u0131\u011f\u0131 bir standartt\u0131r. ISO 37001 Yolsuzlukla M\u00fccadele Y\u00f6netim Sistemi standard\u0131, faaliyet g\u00f6sterilen sekt\u00f6re ve kurulu\u015fun b\u00fcy\u00fckl\u00fc\u011f\u00fcne bak\u0131lmaks\u0131z\u0131n her boyutta kurulu\u015f i\u00e7in uygulanabilir niteliktedir.<\/p>\n\n\n\n<div class=\"wp-block-buttons is-horizontal is-content-justification-center is-layout-flex wp-container-core-buttons-is-layout-499968f5 wp-block-buttons-is-layout-flex\">\n<div class=\"wp-block-button is-style-primary\"><a class=\"wp-block-button__link wp-element-button\" href=\"https:\/\/qdata.com.tr\/index.php\/hizmetlerimiz\/iso-37001-yolsuzlukla-mucadele-yonetim-sistemi\/\">Belgelendirme Detay\u0131<\/a><\/div>\n<\/div>\n\n\n\n<div style=\"height:40px\" aria-hidden=\"true\" class=\"wp-block-spacer\"><\/div>\n<\/div>\n<\/div>\n\n\n\n<div style=\"height:40px\" aria-hidden=\"true\" class=\"wp-block-spacer\"><\/div>\n<\/div><\/div>\n<\/div><\/div>\n","protected":false},"excerpt":{"rendered":"","protected":false},"author":1,"featured_media":0,"parent":0,"menu_order":0,"comment_status":"closed","ping_status":"closed","template":"","meta":{"neve_meta_sidebar":"","neve_meta_container":"","neve_meta_enable_content_width":"on","neve_meta_content_width":100,"neve_meta_title_alignment":"","neve_meta_author_avatar":"","neve_post_elements_order":"","neve_meta_disable_header":"","neve_meta_disable_footer":"","neve_meta_disable_title":"on","footnotes":""},"class_list":["post-14","page","type-page","status-publish","hentry"],"_links":{"self":[{"href":"https:\/\/qdata.com.tr\/index.php\/wp-json\/wp\/v2\/pages\/14","targetHints":{"allow":["GET"]}}],"collection":[{"href":"https:\/\/qdata.com.tr\/index.php\/wp-json\/wp\/v2\/pages"}],"about":[{"href":"https:\/\/qdata.com.tr\/index.php\/wp-json\/wp\/v2\/types\/page"}],"author":[{"embeddable":true,"href":"https:\/\/qdata.com.tr\/index.php\/wp-json\/wp\/v2\/users\/1"}],"replies":[{"embeddable":true,"href":"https:\/\/qdata.com.tr\/index.php\/wp-json\/wp\/v2\/comments?post=14"}],"version-history":[{"count":6,"href":"https:\/\/qdata.com.tr\/index.php\/wp-json\/wp\/v2\/pages\/14\/revisions"}],"predecessor-version":[{"id":731,"href":"https:\/\/qdata.com.tr\/index.php\/wp-json\/wp\/v2\/pages\/14\/revisions\/731"}],"wp:attachment":[{"href":"https:\/\/qdata.com.tr\/index.php\/wp-json\/wp\/v2\/media?parent=14"}],"curies":[{"name":"wp","href":"https:\/\/api.w.org\/{rel}","templated":true}]}}