{"id":12,"date":"2021-11-08T11:21:58","date_gmt":"2021-11-08T08:21:58","guid":{"rendered":"https:\/\/qdata.com.tr\/?page_id=12"},"modified":"2024-01-10T08:38:23","modified_gmt":"2024-01-10T05:38:23","slug":"hakkimizda","status":"publish","type":"page","link":"https:\/\/qdata.com.tr\/index.php\/hakkimizda\/","title":{"rendered":"Hakk\u0131m\u0131zda"},"content":{"rendered":"\n<div class=\"wp-block-cover alignfull\" style=\"min-height:600px;aspect-ratio:unset;\"><span aria-hidden=\"true\" class=\"wp-block-cover__background has-nv-light-bg-background-color has-background-dim-100 has-background-dim\"><\/span><div class=\"wp-block-cover__inner-container is-layout-flow wp-block-cover-is-layout-flow\">\n<div class=\"wp-block-group\"><div class=\"wp-block-group__inner-container is-layout-flow wp-block-group-is-layout-flow\">\n<div style=\"height:80px\" aria-hidden=\"true\" class=\"wp-block-spacer\"><\/div>\n\n\n\n<div class=\"wp-block-columns are-vertically-aligned-center is-layout-flex wp-container-core-columns-is-layout-9d6595d7 wp-block-columns-is-layout-flex\">\n<div class=\"wp-block-column is-vertically-aligned-center is-layout-flow wp-block-column-is-layout-flow\" style=\"flex-basis:50%\">\n<figure class=\"wp-block-image size-large\"><img decoding=\"async\" src=\"https:\/\/qdata.com.tr\/wp-content\/themes\/neve\/assets\/img\/starter-content\/card-06.jpg\" alt=\"\"\/><\/figure>\n<\/div>\n\n\n\n<div class=\"wp-block-column is-vertically-aligned-center is-layout-flow wp-block-column-is-layout-flow\" style=\"flex-basis:50%\">\n<h2 class=\"wp-block-heading has-neve-text-color-color has-text-color\" id=\"kurulus-bilgisi\">Kurulu\u015f Bilgisi<\/h2>\n\n\n\n<p class=\"has-neve-text-color-color has-text-color has-normal-font-size\">Qdata Sertifikasyon Hizmetleri A.\u015e. kalite anlay\u0131\u015f\u0131n\u0131 yayg\u0131nla\u015ft\u0131r\u0131larak her sekt\u00f6re ula\u015fmak amac\u0131yla ve hizmetimizin, belgelendirmenin \u00f6tesine ge\u00e7mesini hedefleyerek uygunluk de\u011ferlendirme hizmetleri konusunda faaliyet g\u00f6stermek \u00fczere kurulmu\u015ftur. Qdata, \u00e7e\u015fitli sekt\u00f6rden gelen bilgi birikimleri ile beraber y\u00f6netim sistemleri konusunda aktif faaliyet g\u00f6steren tecr\u00fcbeli kadrosu ile 2021 y\u0131l\u0131ndan itibaren belgelendirme konusunda faaliyet g\u00f6stermeye ba\u015flam\u0131\u015ft\u0131r.<\/p>\n\n\n\n<p class=\"has-neve-text-color-color has-text-color\">Qdata Sertifikasyon, ISO 9001, ISO 27001, ISO 14001, ISO 45001, ISO 22000, ISO 22301, ISO 20000-1, ISO 42001, ISO 13485, ISO 10002, ISO 37001, ISO 27701, GMP-22716, FSSC 22000 gibi belgelendirme konular\u0131nda hizmet veren ve s\u00fcrekli geli\u015fmeyi kendine ilke edinen ba\u011f\u0131ms\u0131z ve tarafs\u0131z bir belgelendirme kurulu\u015fudur.<\/p>\n<\/div>\n<\/div>\n\n\n\n<div style=\"height:40px\" aria-hidden=\"true\" class=\"wp-block-spacer\"><\/div>\n<\/div><\/div>\n<\/div><\/div>\n\n\n\n<div class=\"wp-block-cover alignfull\" style=\"min-height:600px;aspect-ratio:unset;\"><span aria-hidden=\"true\" class=\"wp-block-cover__background has-nv-dark-bg-background-color has-background-dim-100 has-background-dim\"><\/span><div class=\"wp-block-cover__inner-container is-layout-flow wp-block-cover-is-layout-flow\">\n<div class=\"wp-block-group\"><div class=\"wp-block-group__inner-container is-layout-flow wp-block-group-is-layout-flow\">\n<div style=\"height:80px\" aria-hidden=\"true\" class=\"wp-block-spacer\"><\/div>\n\n\n\n<div class=\"wp-block-columns are-vertically-aligned-center is-layout-flex wp-container-core-columns-is-layout-9d6595d7 wp-block-columns-is-layout-flex\">\n<div class=\"wp-block-column is-vertically-aligned-center is-layout-flow wp-block-column-is-layout-flow\" style=\"flex-basis:50%\">\n<h2 class=\"wp-block-heading has-nv-text-dark-bg-color has-text-color\" id=\"degerlerimiz\">De\u011ferlerimiz<\/h2>\n\n\n\n<p class=\"has-nv-text-dark-bg-color has-text-color\">Qdata Sertifikasyonun en \u00f6nemli de\u011feri personelleri ve denetim s\u00fcresince operasyonlar\u0131m\u0131za ve karar a\u015famalar\u0131na e\u015flik eden k\u0131ymetli ekip \u00fcyelerimizdir. Bununla birlikte de\u011fer kavramlar\u0131m\u0131z; tarafs\u0131zl\u0131k ve ba\u011f\u0131ms\u0131zl\u0131k, bilgi ve deneyimi payla\u015fma, gizlili\u011fe ve ahlaki kurallara uyma, d\u00fcr\u00fcstl\u00fck ve yasalara ba\u011fl\u0131l\u0131k, samimi hizmet sunma, m\u00fc\u015fterilerle i\u015fbirli\u011fi, s\u00fcrekli iyile\u015ftirme, kamu yarar\u0131n\u0131 g\u00f6zetme ve e\u015fitlik ilkesidir.<\/p>\n\n\n\n<div style=\"height:20px\" aria-hidden=\"true\" class=\"wp-block-spacer\"><\/div>\n\n\n\n<div style=\"height:20px\" aria-hidden=\"true\" class=\"wp-block-spacer\"><\/div>\n<\/div>\n\n\n\n<div class=\"wp-block-column is-vertically-aligned-center is-layout-flow wp-block-column-is-layout-flow\" style=\"flex-basis:50%\">\n<figure class=\"wp-block-image\"><img decoding=\"async\" src=\"https:\/\/qdata.com.tr\/wp-content\/themes\/neve\/assets\/img\/starter-content\/card-02.jpg\" alt=\"\"\/><\/figure>\n<\/div>\n<\/div>\n\n\n\n<div style=\"height:40px\" aria-hidden=\"true\" class=\"wp-block-spacer\"><\/div>\n<\/div><\/div>\n<\/div><\/div>\n\n\n\n<div class=\"wp-block-cover alignfull\" style=\"min-height:420px;aspect-ratio:unset;\"><span aria-hidden=\"true\" class=\"wp-block-cover__background has-nv-site-bg-background-color has-background-dim-100 has-background-dim\"><\/span><div class=\"wp-block-cover__inner-container is-layout-flow wp-block-cover-is-layout-flow\">\n<div style=\"height:80px\" aria-hidden=\"true\" class=\"wp-block-spacer\"><\/div>\n\n\n\n<div class=\"wp-block-columns is-layout-flex wp-container-core-columns-is-layout-9d6595d7 wp-block-columns-is-layout-flex\">\n<div class=\"wp-block-column ticss-4ce656f1 is-layout-flow wp-block-column-is-layout-flow\">\n<figure class=\"wp-block-image is-resized icon-style is-style-rounded\"><img decoding=\"async\" src=\"https:\/\/qdata.com.tr\/wp-content\/themes\/neve\/assets\/img\/starter-content\/icon-03.svg\" alt=\"\" style=\"width:48px;height:48px\"\/><\/figure>\n\n\n\n<h3 class=\"wp-block-heading has-text-align-left has-text-align-center has-neve-text-color-color has-text-color\" id=\"misyonumuz\">Misyonumuz<\/h3>\n\n\n\n<p class=\"has-text-align-left has-neve-text-color-color has-text-color\" style=\"font-size:15px\">T\u00fcm kurulu\u015flar\u0131n, gizlilik ilkesi ile de\u011ferlendirilerek, ulusal ve uluslararas\u0131 standartlara uyumunu belgelendirmek.<\/p>\n\n\n\n<div style=\"height:20px\" aria-hidden=\"true\" class=\"wp-block-spacer\"><\/div>\n<\/div>\n\n\n\n<div class=\"wp-block-column ticss-f6fc7494 is-layout-flow wp-block-column-is-layout-flow\">\n<figure class=\"wp-block-image is-resized icon-style is-style-rounded\"><img decoding=\"async\" src=\"https:\/\/qdata.com.tr\/wp-content\/themes\/neve\/assets\/img\/starter-content\/icon-03.svg\" alt=\"\" style=\"width:48px;height:48px\"\/><\/figure>\n\n\n\n<h3 class=\"wp-block-heading has-text-align-left has-text-align-center has-neve-text-color-color has-text-color\" id=\"vizyonumuz\">Vizyonumuz<\/h3>\n\n\n\n<p class=\"has-text-align-left has-neve-text-color-color has-text-color\" style=\"font-size:15px\">Ulusal ve uluslararas\u0131 kabul edilmi\u015f standartlara ve yasalara uygun, tarafs\u0131z, g\u00fcvenilir hizmetler sunarak; t\u00fcm sekt\u00f6rlerin ihtiya\u00e7lar\u0131na cevap verebilecek bir belgelendirme kurulu\u015fu olmak.<\/p>\n\n\n\n<div style=\"height:20px\" aria-hidden=\"true\" class=\"wp-block-spacer\"><\/div>\n<\/div>\n\n\n\n<div class=\"wp-block-column ticss-a5b4df29 is-layout-flow wp-block-column-is-layout-flow\">\n<figure class=\"wp-block-image is-resized icon-style is-style-rounded\"><img decoding=\"async\" src=\"https:\/\/qdata.com.tr\/wp-content\/themes\/neve\/assets\/img\/starter-content\/icon-03.svg\" alt=\"\" style=\"width:48px;height:48px\"\/><\/figure>\n\n\n\n<h3 class=\"wp-block-heading has-text-align-left has-text-align-center has-neve-text-color-color has-text-color\" id=\"taahhudumuz\">Taahh\u00fcd\u00fcm\u00fcz<\/h3>\n\n\n\n<p class=\"has-text-align-left has-neve-text-color-color has-text-color\" style=\"font-size:15px\">M\u00fc\u015fterilerimize, denetim, belgelendirme ve e\u011fitim hizmetleri ile geli\u015fme d\u00f6ng\u00fcs\u00fcne sahip, y\u00fcksek katma de\u011fer olu\u015fturan s\u00fcre\u00e7leri kurmak ve s\u00fcreklili\u011fini sa\u011flamak.<\/p>\n\n\n\n<div style=\"height:20px\" aria-hidden=\"true\" class=\"wp-block-spacer\"><\/div>\n<\/div>\n<\/div>\n\n\n\n<div style=\"height:30px\" aria-hidden=\"true\" class=\"wp-block-spacer\"><\/div>\n<\/div><\/div>\n","protected":false},"excerpt":{"rendered":"","protected":false},"author":1,"featured_media":0,"parent":0,"menu_order":0,"comment_status":"closed","ping_status":"closed","template":"","meta":{"neve_meta_sidebar":"","neve_meta_container":"","neve_meta_enable_content_width":"on","neve_meta_content_width":100,"neve_meta_title_alignment":"","neve_meta_author_avatar":"","neve_post_elements_order":"","neve_meta_disable_header":"","neve_meta_disable_footer":"","neve_meta_disable_title":"on","footnotes":""},"class_list":["post-12","page","type-page","status-publish","hentry"],"_links":{"self":[{"href":"https:\/\/qdata.com.tr\/index.php\/wp-json\/wp\/v2\/pages\/12","targetHints":{"allow":["GET"]}}],"collection":[{"href":"https:\/\/qdata.com.tr\/index.php\/wp-json\/wp\/v2\/pages"}],"about":[{"href":"https:\/\/qdata.com.tr\/index.php\/wp-json\/wp\/v2\/types\/page"}],"author":[{"embeddable":true,"href":"https:\/\/qdata.com.tr\/index.php\/wp-json\/wp\/v2\/users\/1"}],"replies":[{"embeddable":true,"href":"https:\/\/qdata.com.tr\/index.php\/wp-json\/wp\/v2\/comments?post=12"}],"version-history":[{"count":8,"href":"https:\/\/qdata.com.tr\/index.php\/wp-json\/wp\/v2\/pages\/12\/revisions"}],"predecessor-version":[{"id":779,"href":"https:\/\/qdata.com.tr\/index.php\/wp-json\/wp\/v2\/pages\/12\/revisions\/779"}],"wp:attachment":[{"href":"https:\/\/qdata.com.tr\/index.php\/wp-json\/wp\/v2\/media?parent=12"}],"curies":[{"name":"wp","href":"https:\/\/api.w.org\/{rel}","templated":true}]}}