{"id":11,"date":"2021-11-08T11:21:58","date_gmt":"2021-11-08T08:21:58","guid":{"rendered":"https:\/\/qdata.com.tr\/?page_id=11"},"modified":"2024-01-10T08:38:11","modified_gmt":"2024-01-10T05:38:11","slug":"anasayfa","status":"publish","type":"page","link":"https:\/\/qdata.com.tr\/","title":{"rendered":"Ana sayfa"},"content":{"rendered":"\n<div class=\"wp-block-cover alignfull is-light\" style=\"min-height:700px;aspect-ratio:unset;\"><span aria-hidden=\"true\" class=\"wp-block-cover__background has-background-dim-0 has-background-dim\"><\/span><img decoding=\"async\" class=\"wp-block-cover__image-background\" alt=\"\" src=\"https:\/\/qdata.com.tr\/wp-content\/themes\/neve\/assets\/img\/starter-content\/hero.jpg\" style=\"object-position:50% 64%\" data-object-fit=\"cover\" data-object-position=\"50% 64%\"\/><div class=\"wp-block-cover__inner-container is-layout-flow wp-block-cover-is-layout-flow\">\n<div style=\"height:80px\" aria-hidden=\"true\" class=\"wp-block-spacer\"><\/div>\n\n\n\n<h1 class=\"wp-block-heading has-text-align-center has-text-color\" id=\"yonetim-sistemleri-belgelendirme\" style=\"color:#121212\">Y\u00f6netim Sistemleri Belgelendirme<\/h1>\n\n\n\n<p class=\"has-text-align-center has-text-color\" style=\"color:#121212;font-size:17px\">ISO9001, ISO27001, ISO14001, ISO45001, ISO22000, ISO22301, ISO20000-1, ISO42001, ISO13485, ISO10002, ISO37001, ISO27701, GMP-22716, FSSC22000<\/p>\n\n\n\n<div class=\"wp-block-buttons is-horizontal is-content-justification-center is-layout-flex wp-container-core-buttons-is-layout-499968f5 wp-block-buttons-is-layout-flex\">\n<div class=\"wp-block-button is-style-primary\"><a class=\"wp-block-button__link wp-element-button\" href=\"https:\/\/qdata.com.tr\/index.php\/belgelendirme\/\">\u0130ncele<\/a><\/div>\n\n\n\n<div class=\"wp-block-button is-style-secondary\"><a class=\"wp-block-button__link wp-element-button\" href=\"https:\/\/qdata.com.tr\/index.php\/iletisim\/\" target=\"_blank\" rel=\"noreferrer noopener\">Teklif \u0130ste<\/a><\/div>\n<\/div>\n\n\n\n<div style=\"height:80px\" aria-hidden=\"true\" class=\"wp-block-spacer\"><\/div>\n\n\n\n<div style=\"height:80px\" aria-hidden=\"true\" class=\"wp-block-spacer\"><\/div>\n<\/div><\/div>\n\n\n\n<div style=\"height:80px\" aria-hidden=\"true\" class=\"wp-block-spacer\"><\/div>\n\n\n\n<div class=\"wp-block-columns is-layout-flex wp-container-core-columns-is-layout-9d6595d7 wp-block-columns-is-layout-flex\">\n<div class=\"wp-block-column is-layout-flow wp-block-column-is-layout-flow\"><div class=\"wp-block-image icon-style is-style-default\">\n<figure class=\"aligncenter is-resized\"><img decoding=\"async\" src=\"https:\/\/qdata.com.tr\/wp-content\/themes\/neve\/assets\/img\/starter-content\/icon-03.svg\" alt=\"\" style=\"width:48px;height:48px\"\/><\/figure>\n<\/div>\n\n\n<h3 class=\"wp-block-heading has-text-align-center has-neve-text-color-color has-text-color\" id=\"qdata-sertifikasyon\">Qdata Sertifikasyon<\/h3>\n\n\n\n<p class=\"has-text-align-center\">Uluslararas\u0131 belgelendirme ve standartlar konusunda geni\u015f bilgi birikimi ve deneyime sahip, T\u00fcrkiye ve talep geldi\u011fi takdirde yurtd\u0131\u015f\u0131nda belgelendirme hizmeti vermektedir.<\/p>\n\n\n\n<div style=\"height:20px\" aria-hidden=\"true\" class=\"wp-block-spacer\"><\/div>\n<\/div>\n\n\n\n<div class=\"wp-block-column is-layout-flow wp-block-column-is-layout-flow\"><div class=\"wp-block-image icon-style is-style-default\">\n<figure class=\"aligncenter is-resized\"><img decoding=\"async\" src=\"https:\/\/qdata.com.tr\/wp-content\/themes\/neve\/assets\/img\/starter-content\/icon-02.svg\" alt=\"\" style=\"width:48px;height:48px\"\/><\/figure>\n<\/div>\n\n\n<h3 class=\"wp-block-heading has-text-align-center has-neve-text-color-color has-text-color\" id=\"iso-belgelendirme\">ISO Belgelendirme<\/h3>\n\n\n\n<p class=\"has-text-align-center\">ISO9001 Kalite Y\u00f6netim Sistemi <\/p>\n\n\n\n<p class=\"has-text-align-center\">ISO14001 \u00c7evre Y\u00f6netim Sistemi <\/p>\n\n\n\n<p class=\"has-text-align-center\">ISO27001 Bilgi G\u00fcvenli\u011fi Y\u00f6netim Sistemi <\/p>\n\n\n\n<p class=\"has-text-align-center\">ISO22000 G\u0131da G\u00fcvenli\u011fi Y\u00f6netim Sistemi <\/p>\n\n\n\n<p class=\"has-text-align-center\">ISO45001 \u0130\u015f Sa\u011fl\u0131\u011f\u0131 ve G\u00fcvenli\u011fi Y\u00f6netim Sistemi<\/p>\n\n\n\n<div style=\"height:20px\" aria-hidden=\"true\" class=\"wp-block-spacer\"><\/div>\n<\/div>\n\n\n\n<div class=\"wp-block-column is-layout-flow wp-block-column-is-layout-flow\"><div class=\"wp-block-image icon-style is-style-rounded\">\n<figure class=\"aligncenter is-resized\"><img decoding=\"async\" src=\"https:\/\/qdata.com.tr\/wp-content\/themes\/neve\/assets\/img\/starter-content\/icon-01.svg\" alt=\"\" style=\"width:48px;height:48px\"\/><\/figure>\n<\/div>\n\n\n<h3 class=\"wp-block-heading has-text-align-center has-neve-text-color-color has-text-color\" id=\"bilisim\">Bili\u015fim<\/h3>\n\n\n\n<p class=\"has-text-align-center\">Kurumsal s\u00fcrd\u00fcrebilirli\u011fin temelini olu\u015fturan kurumsal bilgi; g\u00fcn\u00fcm\u00fcz\u00fcn en de\u011ferli varl\u0131klar\u0131ndan biridir.<\/p>\n\n\n\n<p class=\"has-text-align-center\">Qdata da bu bilin\u00e7le hareket ederek olu\u015fan veya olu\u015fabilecek tehditlere kar\u015f\u0131 gerekli analizleri yapar; \u015firketinizin g\u00fcvenli\u011fi i\u00e7in gereken t\u00fcm \u00f6nlemleri sizin i\u00e7in al\u0131r.<\/p>\n\n\n\n<div style=\"height:20px\" aria-hidden=\"true\" class=\"wp-block-spacer\"><\/div>\n<\/div>\n<\/div>\n\n\n\n<div style=\"height:80px\" aria-hidden=\"true\" class=\"wp-block-spacer\"><\/div>\n\n\n\n<div class=\"wp-block-cover alignfull\" style=\"min-height:600px;aspect-ratio:unset;\"><span aria-hidden=\"true\" class=\"wp-block-cover__background has-nv-light-bg-background-color has-background-dim-100 has-background-dim\"><\/span><div class=\"wp-block-cover__inner-container is-layout-flow wp-block-cover-is-layout-flow\">\n<div class=\"wp-block-group\"><div class=\"wp-block-group__inner-container is-layout-flow wp-block-group-is-layout-flow\">\n<div style=\"height:80px\" aria-hidden=\"true\" class=\"wp-block-spacer\"><\/div>\n\n\n\n<div class=\"wp-block-columns are-vertically-aligned-center is-layout-flex wp-container-core-columns-is-layout-9d6595d7 wp-block-columns-is-layout-flex\">\n<div class=\"wp-block-column is-vertically-aligned-center is-layout-flow wp-block-column-is-layout-flow\" style=\"flex-basis:50%\">\n<figure class=\"wp-block-image\"><img decoding=\"async\" src=\"https:\/\/qdata.com.tr\/wp-content\/themes\/neve\/assets\/img\/starter-content\/card-05.jpg\" alt=\"\"\/><\/figure>\n<\/div>\n\n\n\n<div class=\"wp-block-column is-vertically-aligned-center is-layout-flow wp-block-column-is-layout-flow\" style=\"flex-basis:50%\">\n<div style=\"height:20px\" aria-hidden=\"true\" class=\"wp-block-spacer\"><\/div>\n\n\n\n<h2 class=\"wp-block-heading has-text-align-left has-neve-text-color-color has-text-color\" id=\"iso9001-kalite-yonetim-sistemi\">ISO9001 Kalite Y\u00f6netim Sistemi<\/h2>\n\n\n\n<p class=\"has-text-align-left has-neve-text-color-color has-text-color\" style=\"font-size:17px\">ISO 9001 Kalite Y\u00f6netim Sistemi, Uluslararas\u0131 Standart Organizasyonu\u2019nun (ISO) kalite y\u00f6netim sistemi i\u00e7in yazd\u0131\u011f\u0131, m\u00fc\u015fteri memnuniyetinin artt\u0131r\u0131lmas\u0131na y\u00f6nelik olarak olu\u015fturulmu\u015f bir standartt\u0131r. D\u00fcnyada en \u00e7ok kullan\u0131lan y\u00f6netim sistemi standard\u0131 ISO 9001 Kalite Y\u00f6netim Sistemi\u2019dir.<\/p>\n\n\n\n<div class=\"wp-block-buttons is-horizontal is-content-justification-left is-layout-flex wp-container-core-buttons-is-layout-7e5fce0a wp-block-buttons-is-layout-flex\">\n<div class=\"wp-block-button is-style-primary\"><a class=\"wp-block-button__link wp-element-button\" href=\"https:\/\/qdata.com.tr\/index.php\/akreditasyonlar-2\/iso-9001-kalite-yonetim-sistemi\/\">\u0130NCELE<\/a><\/div>\n<\/div>\n<\/div>\n<\/div>\n\n\n\n<div style=\"height:40px\" aria-hidden=\"true\" class=\"wp-block-spacer\"><\/div>\n<\/div><\/div>\n<\/div><\/div>\n\n\n\n<div class=\"wp-block-cover alignfull\" style=\"min-height:600px;aspect-ratio:unset;\"><span aria-hidden=\"true\" class=\"wp-block-cover__background has-nv-site-bg-background-color has-background-dim-100 has-background-dim\"><\/span><div class=\"wp-block-cover__inner-container is-layout-flow wp-block-cover-is-layout-flow\">\n<div class=\"wp-block-group\"><div class=\"wp-block-group__inner-container is-layout-flow wp-block-group-is-layout-flow\">\n<div style=\"height:80px\" aria-hidden=\"true\" class=\"wp-block-spacer\"><\/div>\n\n\n\n<div class=\"wp-block-columns are-vertically-aligned-center is-layout-flex wp-container-core-columns-is-layout-9d6595d7 wp-block-columns-is-layout-flex\">\n<div class=\"wp-block-column is-vertically-aligned-center is-layout-flow wp-block-column-is-layout-flow\" style=\"flex-basis:50%\">\n<h2 class=\"wp-block-heading has-text-align-left has-neve-text-color-color has-text-color\" id=\"iso-14001-cevre-yonetim-sistemi\">ISO 14001 \u00c7evre Y\u00f6netim Sistemi<\/h2>\n\n\n\n<p class=\"has-text-align-left has-neve-text-color-color has-text-color\" style=\"font-size:17px\">ISO 14001 \u00c7evre Y\u00f6netim Sistemi, ISO (Uluslararas\u0131 Standart Organizasyonu) nun \u00c7evre y\u00f6netim sistemi i\u00e7in yazd\u0131\u011f\u0131 bir standartt\u0131r. ISO 14001 \u00c7evre Y\u00f6netim sistemi standard\u0131, faaliyet g\u00f6sterilen sekt\u00f6re ve kurulu\u015fun b\u00fcy\u00fckl\u00fc\u011f\u00fcne bak\u0131lmaks\u0131z\u0131n her boyutta kurulu\u015f i\u00e7in uygulanabilir niteliktedir.<\/p>\n\n\n\n<div class=\"wp-block-buttons is-horizontal is-content-justification-left is-layout-flex wp-container-core-buttons-is-layout-7e5fce0a wp-block-buttons-is-layout-flex\">\n<div class=\"wp-block-button is-style-primary\"><a class=\"wp-block-button__link wp-element-button\" href=\"https:\/\/qdata.com.tr\/index.php\/akreditasyonlar-2\/iso-14001-cevre-yonetim-sistemi\/\">\u0130NCELE<\/a><\/div>\n<\/div>\n\n\n\n<div style=\"height:40px\" aria-hidden=\"true\" class=\"wp-block-spacer\"><\/div>\n<\/div>\n\n\n\n<div class=\"wp-block-column is-vertically-aligned-center is-layout-flow wp-block-column-is-layout-flow\" style=\"flex-basis:50%\">\n<figure class=\"wp-block-image\"><img decoding=\"async\" src=\"https:\/\/qdata.com.tr\/wp-content\/themes\/neve\/assets\/img\/starter-content\/card-04.jpg\" alt=\"\"\/><\/figure>\n<\/div>\n<\/div>\n\n\n\n<div style=\"height:40px\" aria-hidden=\"true\" class=\"wp-block-spacer\"><\/div>\n<\/div><\/div>\n<\/div><\/div>\n\n\n\n<div class=\"wp-block-cover alignfull\" style=\"min-height:600px;aspect-ratio:unset;\"><span aria-hidden=\"true\" class=\"wp-block-cover__background has-nv-dark-bg-background-color has-background-dim-100 has-background-dim\"><\/span><div class=\"wp-block-cover__inner-container is-layout-flow wp-block-cover-is-layout-flow\">\n<div class=\"wp-block-group\"><div class=\"wp-block-group__inner-container is-layout-flow wp-block-group-is-layout-flow\">\n<div style=\"height:80px\" aria-hidden=\"true\" class=\"wp-block-spacer\"><\/div>\n\n\n\n<div class=\"wp-block-columns are-vertically-aligned-center is-layout-flex wp-container-core-columns-is-layout-9d6595d7 wp-block-columns-is-layout-flex\">\n<div class=\"wp-block-column is-vertically-aligned-center is-layout-flow wp-block-column-is-layout-flow\" style=\"flex-basis:50%\">\n<figure class=\"wp-block-image\"><img decoding=\"async\" src=\"https:\/\/qdata.com.tr\/wp-content\/themes\/neve\/assets\/img\/starter-content\/card-03.jpg\" alt=\"\"\/><\/figure>\n<\/div>\n\n\n\n<div class=\"wp-block-column is-vertically-aligned-center is-layout-flow wp-block-column-is-layout-flow\" style=\"flex-basis:50%\">\n<div style=\"height:40px\" aria-hidden=\"true\" class=\"wp-block-spacer\"><\/div>\n\n\n\n<h2 class=\"wp-block-heading has-text-align-left has-nv-text-dark-bg-color has-text-color\" id=\"iso-27001-bilgi-guvenligi-yonetim-sistemi\">ISO 27001 Bilgi G\u00fcvenli\u011fi Y\u00f6netim Sistemi<\/h2>\n\n\n\n<p class=\"has-text-align-left has-nv-text-dark-bg-color has-text-color\" style=\"font-size:17px\">ISO 27001 Bilgi G\u00fcvenli\u011fi Y\u00f6netim Sistemi, ISO (Uluslararas\u0131 Standart Organizasyonu) nun Bilgi G\u00fcvenli\u011fi y\u00f6netim sistemi i\u00e7in yazd\u0131\u011f\u0131 bir standartt\u0131r. ISO 27001 Bilgi G\u00fcvenli\u011fi Y\u00f6netim sistemi standard\u0131, faaliyet g\u00f6sterilen sekt\u00f6re ve kurulu\u015fun b\u00fcy\u00fckl\u00fc\u011f\u00fcne bak\u0131lmaks\u0131z\u0131n her boyutta kurulu\u015f i\u00e7in uygulanabilir niteliktedir.<\/p>\n\n\n\n<div class=\"wp-block-buttons is-horizontal is-content-justification-left is-layout-flex wp-container-core-buttons-is-layout-7e5fce0a wp-block-buttons-is-layout-flex\">\n<div class=\"wp-block-button is-style-primary\"><a class=\"wp-block-button__link wp-element-button\" href=\"https:\/\/qdata.com.tr\/index.php\/akreditasyonlar-2\/iso-27001-bilgi-guvenligi-yonetim-sistemi\/\">\u0130NCELE<\/a><\/div>\n<\/div>\n<\/div>\n<\/div>\n\n\n\n<div style=\"height:40px\" aria-hidden=\"true\" class=\"wp-block-spacer\"><\/div>\n<\/div><\/div>\n<\/div><\/div>\n\n\n\n<div style=\"height:40px\" aria-hidden=\"true\" class=\"wp-block-spacer\"><\/div>\n\n\n\n<div class=\"wp-block-cover alignfull\" style=\"min-height:300px;aspect-ratio:unset;\"><span aria-hidden=\"true\" class=\"wp-block-cover__background has-nv-dark-bg-background-color has-background-dim-100 has-background-dim\"><\/span><div class=\"wp-block-cover__inner-container is-layout-flow wp-block-cover-is-layout-flow\">\n<div style=\"height:140px\" aria-hidden=\"true\" class=\"wp-block-spacer\"><\/div>\n\n\n\n<h2 class=\"wp-block-heading has-text-align-center has-nv-text-dark-bg-color has-text-color\" id=\"yonetim-sistemleri-belgelendirme\"> Y\u00f6netim Sistemleri Belgelendirme <\/h2>\n\n\n\n<p class=\"has-text-align-center has-medium-font-size\"> ISO 9001, ISO 27001, ISO 14001, ISO 45001, ISO 22000, ISO 22301, ISO 20000-1, ISO 13485, ISO 10002, ISO 37001, ISO 27701, GMP-22716, FSSC 22000 <\/p>\n\n\n\n<div class=\"wp-block-buttons is-horizontal is-content-justification-center is-layout-flex wp-container-core-buttons-is-layout-499968f5 wp-block-buttons-is-layout-flex\">\n<div class=\"wp-block-button is-style-primary\"><a class=\"wp-block-button__link wp-element-button\" href=\"https:\/\/qdata.com.tr\/index.php\/belgelendirme\/\">\u0130NCELE<\/a><\/div>\n<\/div>\n\n\n\n<div style=\"height:140px\" aria-hidden=\"true\" class=\"wp-block-spacer\"><\/div>\n<\/div><\/div>\n","protected":false},"excerpt":{"rendered":"<p>Qdata Sertifikasyon Uluslararas\u0131 belgelendirme ve standartlar konusunda geni\u015f bilgi birikimi ve deneyime sahip, T\u00fcrkiye ve talep geldi\u011fi takdirde yurtd\u0131\u015f\u0131nda belgelendirme hizmeti vermektedir. ISO Belgelendirme ISO9001 Kalite Y\u00f6netim Sistemi ISO14001 \u00c7evre Y\u00f6netim Sistemi ISO27001 Bilgi G\u00fcvenli\u011fi Y\u00f6netim Sistemi ISO22000 G\u0131da G\u00fcvenli\u011fi Y\u00f6netim Sistemi ISO45001 \u0130\u015f Sa\u011fl\u0131\u011f\u0131 ve G\u00fcvenli\u011fi Y\u00f6netim Sistemi Bili\u015fim Kurumsal s\u00fcrd\u00fcrebilirli\u011fin temelini olu\u015fturan kurumsal&hellip;&nbsp;<a href=\"https:\/\/qdata.com.tr\/\" rel=\"bookmark\">Daha fazlas\u0131n\u0131 oku &raquo;<span class=\"screen-reader-text\">Ana sayfa<\/span><\/a><\/p>\n","protected":false},"author":1,"featured_media":0,"parent":0,"menu_order":0,"comment_status":"closed","ping_status":"closed","template":"","meta":{"neve_meta_sidebar":"","neve_meta_container":"","neve_meta_enable_content_width":"on","neve_meta_content_width":100,"neve_meta_title_alignment":"","neve_meta_author_avatar":"","neve_post_elements_order":"","neve_meta_disable_header":"","neve_meta_disable_footer":"","neve_meta_disable_title":"on","footnotes":""},"class_list":["post-11","page","type-page","status-publish","hentry"],"_links":{"self":[{"href":"https:\/\/qdata.com.tr\/index.php\/wp-json\/wp\/v2\/pages\/11","targetHints":{"allow":["GET"]}}],"collection":[{"href":"https:\/\/qdata.com.tr\/index.php\/wp-json\/wp\/v2\/pages"}],"about":[{"href":"https:\/\/qdata.com.tr\/index.php\/wp-json\/wp\/v2\/types\/page"}],"author":[{"embeddable":true,"href":"https:\/\/qdata.com.tr\/index.php\/wp-json\/wp\/v2\/users\/1"}],"replies":[{"embeddable":true,"href":"https:\/\/qdata.com.tr\/index.php\/wp-json\/wp\/v2\/comments?post=11"}],"version-history":[{"count":19,"href":"https:\/\/qdata.com.tr\/index.php\/wp-json\/wp\/v2\/pages\/11\/revisions"}],"predecessor-version":[{"id":780,"href":"https:\/\/qdata.com.tr\/index.php\/wp-json\/wp\/v2\/pages\/11\/revisions\/780"}],"wp:attachment":[{"href":"https:\/\/qdata.com.tr\/index.php\/wp-json\/wp\/v2\/media?parent=11"}],"curies":[{"name":"wp","href":"https:\/\/api.w.org\/{rel}","templated":true}]}}